{"id":434,"date":"2019-01-19T16:07:06","date_gmt":"2019-01-19T15:07:06","guid":{"rendered":"https:\/\/www.allersretoursasso.fr\/?post_type=product&#038;p=434"},"modified":"2019-11-03T11:48:14","modified_gmt":"2019-11-03T10:48:14","slug":"meili-%e7%be%8e%e4%b8%bd-zhouzhou-%e5%91%a8%e6%b4%b2","status":"publish","type":"product","link":"https:\/\/www.allersretoursasso.fr\/zh\/films\/meili-%e7%be%8e%e4%b8%bd-zhouzhou-%e5%91%a8%e6%b4%b2\/","title":{"rendered":"<span style=\"font-size: 120%;\"><i>\u300a\u7f8e\u4e3d\u300b<\/i><\/span><br>\u7f8e\u4e3d<br>\u5468\u6d32<br>\u5468\u6d32"},"content":{"rendered":"<div id=\"fb-root\"><\/div>\n<p><i>2018 \/ 88\u2019 \/ \u666e\u901a\u8bdd \/ \u539f\u58f0\u6cd5\u8bed\u5b57\u5e55 \/\u5267\u60c5<\/i><br \/>\n<span style=\"font-size: 80%;\"> \u6cd5\u8bed\u5b57\u5e55\u7ffb\u8bd1\uff1a <a href=\"https:\/\/slsauxtrad.wixsite.com\/traduction\">Soline Le Saux<\/a><\/span><\/p>\n<p><i>\u83b7\u5f97\u7b2c12\u5c4aFIRST\u56fd\u9645\u7535\u5f71\u8282\u6700\u4f73\u6f14\u5458\u5956\uff1b \n\u63d0\u540d\u7b2c12\u5c4aFIRST\u56fd\u9645\u7535\u5f71\u8282\u6700\u4f73\u5267\u60c5\u7247<\/i><\/p>\n<p><iframe loading=\"lazy\" src=\"https:\/\/www.youtube-nocookie.com\/embed\/qIGNekiUzR0\" width=\"560\" height=\"315\" frameborder=\"0\" allowfullscreen=\"allowfullscreen\"><\/iframe><\/p>\n<p>22\u5c81\u7684\u7f8e\u4e3d\u4f4f\u5728\u4e2d\u56fd\u5317\u65b9\u957f\u6625\uff0c\u5979\u7684\u751f\u6d3b\u6d6e\u6c89\u5728\u7ecf\u5e38\u4f38\u624b\u8981\u94b1\u7684\u59d0\u59d0\uff0c\u9157\u9152\u5bb6\u66b4\u7684\u59d0\u592b\uff0c\u4ee5\u53ca\u4e0a\u73ed\u65cf\u5973\u53cb\u674e\u96ef\u4e4b\u95f4\u3002<\/p>\n<p>\u5728\u6d17\u8863\u5e97\u5de5\u4f5c\u7684\u7f8e\u4e3d\u6e34\u671b\u8131\u79bb\u8fd9\u7247\u7a92\u606f\u7684\u73af\u5883\uff0c\u4e0e\u540c\u6027\u7231\u4eba\u524d\u5f80\u4e0a\u6d77\u5c55\u5f00\u65b0\u751f\u6d3b\u3002\u7136\u800c\u5973\u53cb\u8ba4\u4e3a\u8fd9\u6bb5\u5173\u7cfb\u4e0d\u53ef\u89c1\u4eba\uff0c\u6b32\u53e6\u505a\u6253\u7b97\u3002\u7f8e\u4e3d\u5728\u80cc\u53db\u4e0e\u6253\u51fb\u4e2d\u6323\u624e\uff0c\u594b\u529b\u4e3a\u81ea\u5df1\u8106\u5f31\u7684\u751f\u6d3b\u5bfb\u627e\u51fa\u8def\u2026<\/p>\n<blockquote><p>\u672c\u7247\u4e3a\u5bfc\u6f14\u5468\u6d32\u7684\u7b2c\u4e00\u90e8\u957f\u7247\u4f5c\u54c1\uff0c\u7531\u6c60\u97f5\u9970\u6f14\u672c\u7247\u7684\u7075\u9b42\u4eba\u7269\u201c\u7f8e\u4e3d\u201d\uff1b\u4f5c\u4e3a\u5267\u672c\u7684\u5171\u540c\u521b\u4f5c\u8005\uff0c\u6c60\u97f5\u7684\u6f14\u51fa\u7275\u52a8\u5168\u7247\u6838\u5fc3\uff0c\u8be0\u91ca\u4e86\u7f8e\u4e3d\u56e0\u5973\u6027\u53ca\u540c\u6027\u604b\u8eab\u4efd\u88ab\u793e\u4f1a\u62d2\u4e8e\u95e8\u5916\u7684\u5b64\u7acb\u65e0\u63f4\u3002<\/p><\/blockquote>\n<h3><strong>\u66f4\u591a\u94fe\u63a5\uff1a<\/strong><\/h3>\n<p><a href=\"https:\/\/www.allersretoursasso.fr\/zh\/2019\/02\/26\/meili-zhou-zhou\/\"><strong>\u300a\u56db\u4e2a\u6625\u5929\u300b\u5f71\u8bc4 - <i>\u300a\u7f8e\u4e3d\u300b<\/i> sur notre blog<\/strong><\/a><\/p>\n<div class=\"agenda\">\u573a\u6b21\uff1a<br \/>\n<b>\u5730\u70b9\uff1aStudio des Ursulines\n\u65f6\u95f4\uff1a03.02 18h\/03.05 20h15<\/b><\/div>","protected":false},"excerpt":{"rendered":"<p>2018 \/ 88&#8242; \/ Mandarin \/ VOSTF \/ Drame Adaptation fran\u00e7aise par Soline Le Saux Prix du meilleur acteur, nomm\u00e9 pour la meilleure fiction au Festival FIRST 2018 Meili est une jeune femme anonyme dans une grande ville du nord-est de la Chine. Sa seule famille est une grande s\u0153ur qu&#8217;elle d\u00e9teste et un beau-fr\u00e8re &hellip; <\/p>\n<p class=\"link-more\"><a href=\"https:\/\/www.allersretoursasso.fr\/zh\/films\/meili-%e7%be%8e%e4%b8%bd-zhouzhou-%e5%91%a8%e6%b4%b2\/\" class=\"more-link\">\u7ee7\u7eed\u9605\u8bfb<span class=\"screen-reader-text\">\u201c<span style=\"font-size: 120%;\"><i>\u300a\u7f8e\u4e3d\u300b<\/i><\/span><br \/>\u7f8e\u4e3d<br \/>\u5468\u6d32<br \/>\u5468\u6d32\u201d<\/span><\/a><\/p>","protected":false},"featured_media":435,"comment_status":"open","ping_status":"closed","template":"","meta":[],"_links":{"self":[{"href":"https:\/\/www.allersretoursasso.fr\/zh\/wp-json\/wp\/v2\/product\/434"}],"collection":[{"href":"https:\/\/www.allersretoursasso.fr\/zh\/wp-json\/wp\/v2\/product"}],"about":[{"href":"https:\/\/www.allersretoursasso.fr\/zh\/wp-json\/wp\/v2\/types\/product"}],"replies":[{"embeddable":true,"href":"https:\/\/www.allersretoursasso.fr\/zh\/wp-json\/wp\/v2\/comments?post=434"}],"wp:featuredmedia":[{"embeddable":true,"href":"https:\/\/www.allersretoursasso.fr\/zh\/wp-json\/wp\/v2\/media\/435"}],"wp:attachment":[{"href":"https:\/\/www.allersretoursasso.fr\/zh\/wp-json\/wp\/v2\/media?parent=434"}],"curies":[{"name":"wp","href":"https:\/\/api.w.org\/{rel}","templated":true}]}}