{"id":440,"date":"2019-01-17T23:26:35","date_gmt":"2019-01-17T22:26:35","guid":{"rendered":"https:\/\/www.allersretoursasso.fr\/?post_type=product&#038;p=440"},"modified":"2019-11-03T12:02:13","modified_gmt":"2019-11-03T11:02:13","slug":"four-springs-%e5%9b%9b%e4%b8%aa%e6%98%a5%e5%a4%a9-lu-qingyi-%e9%99%86%e5%ba%86%e5%b1%b9","status":"publish","type":"product","link":"https:\/\/www.allersretoursasso.fr\/zh\/films\/four-springs-%e5%9b%9b%e4%b8%aa%e6%98%a5%e5%a4%a9-lu-qingyi-%e9%99%86%e5%ba%86%e5%b1%b9\/","title":{"rendered":"<span style=\"font-size: 120%;\"><i>\u300a\u56db\u4e2a\u6625\u5929\u300b<\/i><\/span><br>\u56db\u4e2a\u6625\u5929<br>\u9646\u5e86\u5c79<br>\u9646\u5e86\u5c79"},"content":{"rendered":"<div id=\"fb-root\"><\/div>\n<p><i>2017 \/ 105\u2019 \/ \u666e\u901a\u8bdd\u3001\u65b9\u8a00 \/ \u539f\u58f0\u6cd5\u8bed\u5b57\u5e55 \/ \u7eaa\u5f55\u7247<\/i><br \/>\n<span style=\"font-size: 80%;\"> \u6cd5\u8bed\u5b57\u5e55\u7ffb\u8bd1\uff1a <a href=\"https:\/\/slsauxtrad.wixsite.com\/traduction\">Soline Le Saux<\/a><\/span><\/p>\n<p><i>\u83b7\u5f97\u7b2c11\u5c4aFIRST\u56fd\u9645\u7535\u5f71\u8282\u6700\u4f73\u7eaa\u5f55\u7247<\/i><br \/>\n<i>\u63d0\u540d\u91d1\u9a6c\u5956\u6700\u4f73\u7eaa\u5f55\u7247\u3001\u6700\u4f73\u526a\u8f91<\/i><\/p>\n<p><iframe loading=\"lazy\" src=\"https:\/\/www.youtube-nocookie.com\/embed\/Sk6cxzXbqxU\" width=\"560\" height=\"315\" frameborder=\"0\" allowfullscreen=\"allowfullscreen\"><\/iframe><\/p>\n<p><i>\u300a\u56db\u4e2a\u6625\u5929\u300b<\/i> \u56db\u4e2a\u6625\u5929\u8fd9\u90e8\u7535\u5f71\u5b9a\u683c\u4e86\u5bfc\u6f14\u548c\u5bb6\u4eba\u4eec\u8fde\u7eed\u56db\u5e74\u5171\u540c\u5ea6\u8fc7\u7684\u6625\u8282\u65f6\u5149\u3002\u5e74\u590d\u4e00\u5e74\uff0c\u6625\u8282\u662f\u8ba9\u5bb6\u4eba\u6b22\u805a\u4e00\u5802\u7684\u5e86\u5178\uff0c\u4e98\u53e4\u4e0d\u53d8\u3002\u4f46\u4e5f\u5728\u6b64\u65f6\uff0c\u8fd9\u4e2a\u5c0f\u5bb6\u5ead\u51dd\u805a\u5728\u4e00\u8d77\uff0c\u5171\u540c\u62b5\u6297\u4e27\u4eb2\u4e4b\u75db\u4e0e\u4eba\u751f\u65e0\u5e38\u3002<\/p>\n<blockquote><p>\u5728\u8fd9\u90e8\u6e29\u60c5\u7684\u7eaa\u5f55\u7247\u4e2d\uff0c\u9646\u5e86\u5c79\u4ee5\u6781\u5bcc\u67d4\u60c5\u7684\u76ee\u5149\u5730\u6ce8\u89c6\u7740\u7236\u6bcd\u7684\u65e5\u5e38\u70b9\u6ef4\uff0c\u4e24\u4f4d\u5145\u6ee1\u6d3b\u529b\u4e14\u70ed\u8877\u4e8e\u97f3\u4e50\u4e0e\u6563\u6b65\u7684\u9000\u4f11\u8001\u4eba\u3002\u5bfc\u6f14\u7cbe\u51c6\u5730\u6355\u6349\u5230\u4e86\u6bcf\u4e00\u4e2a\u4eba\u751f\u6d3b\u4e2d\u7684\u559c\u4e0e\u60b2\uff0c\u521b\u4f5c\u51fa\u4e00\u90e8\u5145\u6ee1\u4eba\u6027\u4e0e\u5171\u6027\u7684\u73cd\u8d35\u5f71\u50cf\u4f5c\u54c1\u3002<\/p><\/blockquote>\n<h3>\u66f4\u591a\u94fe\u63a5\uff1a<\/h3>\n<p><a href=\"https:\/\/www.allersretoursasso.fr\/zh\/2019\/02\/25\/four-springs-lu-qingyi\/\"><strong>\u300a\u56db\u4e2a\u6625\u5929\u300b\u5f71\u8bc4 - <i>\u300a\u56db\u4e2a\u6625\u5929\u300b<\/i> sur notre blog<\/strong><\/a><br \/>\n<a href=\"http:\/\/www.chinesemovies.com.fr\/cineastes_Lu_Qingyi.htm\"><strong>Brigitte Duzan\u5173\u4e8e\u5bfc\u6f14\u9646\u5e86\u5c79\u4ecb\u7ecd<\/strong><\/a><\/p>\n<div class=\"agenda\">\u573a\u6b21\uff1a<br \/>\n<b>- Studio des Ursulines 03.03 20h15<\/b><br \/>\n<b>- Mac Mahon 03.09 20h<\/b><\/div>","protected":false},"excerpt":{"rendered":"<p>2017 \/ 105\u2019 \/ Mandarin, dialecte \/ VOSTF \/ Documentaire Adaptation fran\u00e7aise par Soline Le Saux Prix du meilleur documentaire au Festival FIRST Nomm\u00e9 pour le meilleur documentaire, meilleur montage au Golden Horse Four Springs capture la vie de la famille du r\u00e9alisateur \u00e0 travers quatre f\u00eates du Printemps cons\u00e9cutives. Ann\u00e9e apr\u00e8s ann\u00e9e, la f\u00eate &hellip; <\/p>\n<p class=\"link-more\"><a href=\"https:\/\/www.allersretoursasso.fr\/zh\/films\/four-springs-%e5%9b%9b%e4%b8%aa%e6%98%a5%e5%a4%a9-lu-qingyi-%e9%99%86%e5%ba%86%e5%b1%b9\/\" class=\"more-link\">\u7ee7\u7eed\u9605\u8bfb<span class=\"screen-reader-text\">\u201c<span style=\"font-size: 120%;\"><i>\u300a\u56db\u4e2a\u6625\u5929\u300b<\/i><\/span><br \/>\u56db\u4e2a\u6625\u5929<br \/>\u9646\u5e86\u5c79<br \/>\u9646\u5e86\u5c79\u201d<\/span><\/a><\/p>","protected":false},"featured_media":443,"comment_status":"open","ping_status":"closed","template":"","meta":[],"_links":{"self":[{"href":"https:\/\/www.allersretoursasso.fr\/zh\/wp-json\/wp\/v2\/product\/440"}],"collection":[{"href":"https:\/\/www.allersretoursasso.fr\/zh\/wp-json\/wp\/v2\/product"}],"about":[{"href":"https:\/\/www.allersretoursasso.fr\/zh\/wp-json\/wp\/v2\/types\/product"}],"replies":[{"embeddable":true,"href":"https:\/\/www.allersretoursasso.fr\/zh\/wp-json\/wp\/v2\/comments?post=440"}],"wp:featuredmedia":[{"embeddable":true,"href":"https:\/\/www.allersretoursasso.fr\/zh\/wp-json\/wp\/v2\/media\/443"}],"wp:attachment":[{"href":"https:\/\/www.allersretoursasso.fr\/zh\/wp-json\/wp\/v2\/media?parent=440"}],"curies":[{"name":"wp","href":"https:\/\/api.w.org\/{rel}","templated":true}]}}