{"id":444,"date":"2019-01-18T15:26:11","date_gmt":"2019-01-18T14:26:11","guid":{"rendered":"https:\/\/www.allersretoursasso.fr\/?post_type=product&#038;p=444"},"modified":"2019-11-03T12:01:48","modified_gmt":"2019-11-03T11:01:48","slug":"ala-changso-%e9%98%bf%e6%8b%89%e5%a7%9c%e8%89%b2-sonthar-gyal-%e6%9d%be%e5%a4%aa%e5%8a%a0","status":"publish","type":"product","link":"https:\/\/www.allersretoursasso.fr\/zh\/films\/ala-changso-%e9%98%bf%e6%8b%89%e5%a7%9c%e8%89%b2-sonthar-gyal-%e6%9d%be%e5%a4%aa%e5%8a%a0\/","title":{"rendered":"<span style=\"font-size: 120%;\"><i>Ala Changso<\/i><\/span><br>\u963f\u62c9\u59dc\u8272<br>\u677e\u592a\u52a0<br>\u0f5f\u0f7c\u0f53\u0f0b\u0f50\u0f62\u0f0b\u0f62\u0f92\u0fb1\u0f63\u0f0d-\u677e\u592a\u52a0"},"content":{"rendered":"<div id=\"fb-root\"><\/div>\n<p><i>2018 \/ 109\u2019 \/ \u85cf\u8bed \/ \u539f\u58f0\u6cd5\u8bed\u5b57\u5e55 \/ \u5267\u60c5<\/i><\/p>\n<p><i>\u83b7\u5f97\u7b2c21\u5c4a\u4e0a\u6d77\u56fd\u9645\u7535\u5f71\u8282\u8bc4\u59d4\u4f1a\u5927\u5956;\n\u83b7\u5f97\u7b2c21\u5c4a\u4e0a\u6d77\u56fd\u9645\u7535\u5f71\u8282\u6700\u4f73\u7f16\u5267<\/i><\/p>\n<p><iframe loading=\"lazy\" src=\"https:\/\/www.youtube-nocookie.com\/embed\/rljO8aPwoqc\" width=\"560\" height=\"315\" frameborder=\"0\" allowfullscreen=\"allowfullscreen\"><\/iframe><\/p>\n<p>\u4e00\u65e5\u68a6\u4e2d\u60ca\u9192\uff0c\u4fc4\u739b\u5728\u91cd\u75c5\u4e4b\u9645\uff0c\u6267\u610f\u8e0f\u4e0a\u524d\u5f80\u62c9\u8428\u7684\u6f2b\u957f\u4e4b\u65c5\u3002\u73b0\u4efb\u4e08\u592b\u548c\u513f\u5b50\u76f8\u7ee7\u8ffd\u968f\u52a0\u5165\u966a\u4f34\uff0c\u8fd9\u4e2a\u5bb6\u5ead\u4e5f\u5728\u8270\u8f9b\u65c5\u7a0b\u4e2d\u9010\u6e10\u6d88\u9664\u9694\u9602\uff0c\u8fbe\u6210\u548c\u89e3\u3002\u5728\u9014\u4e2d\uff0c\u4fc4\u739b\u5411\u4e08\u592b\u9053\u51fa\u6df1\u6270\u5979\u591a\u5e74\u7684\u79d8\u5bc6\uff1b\u75c5\u901d\u540e\uff0c\u4fc4\u739b\u672a\u8fbe\u6210\u7684\u5919\u613f\uff0c\u53c8\u7ec8\u5c06\u5982\u4f55\uff1f<\/p>\n<blockquote><p>\u672c\u7247\u662f\u85cf\u65cf\u9752\u5e74\u5bfc\u6f14\u677e\u592a\u52a0\u7684\u65b0\u4f5c\uff0c\u8bb2\u8ff0\u4e86\u4e00\u4e2a\u7b80\u5355\u53c8\u7ec6\u817b\u611f\u4eba\u7684\u6545\u4e8b\u3002\u5f71\u7247\u5c55\u73b0\u4e86\u4e00\u4e2a\u5c0f\u5bb6\u5ead\u4e2d\u51e0\u4e2a\u6210\u5458\u4e4b\u95f4\u7684\u5173\u7cfb\uff0c\u6709\u5fe0\u8bda\u4e0e\u5949\u732e\uff0c\u4e5f\u6709\u6127\u759a\u4e0e\u547d\u8fd0\u65bd\u52a0\u7684\u91cd\u91cf\u3002 <i>Ala Changso<\/i> un film tout en finesse, une histoire simple et \u00e9mouvante. Il explore les relations entre les diff\u00e9rents membres de cette petite famille, faites de fid\u00e9lit\u00e9 et de d\u00e9vouement, mais o\u00f9 entrent aussi la culpabilit\u00e9 et le poids toujours pr\u00e9sent de la fatalit\u00e9.<\/p><\/blockquote>\n<p><strong>\u66f4\u591a\u94fe\u63a5\uff1a<\/strong><\/p>\n<p><a href=\"http:\/\/www.chinesemovies.com.fr\/cineastes_Sonthar_Gyal.htm\"><strong>Chinesemovies\u5173\u4e8e\u5bfc\u6f14\u677e\u592a\u52a0\u4ecb\u7ecd<\/strong><\/a><\/p>\n<div class=\"agenda\">\u573a\u6b21\uff1a<br \/>\n<b>- Studio des Ursulines 03.02 10h45<\/b><br \/>\n<b>- Mac Mahon 03.09 15h45<\/b><\/div>","protected":false},"excerpt":{"rendered":"<p>2018 \/ 109\u2019 \/ Dialecte\u00a0rgyalrong \/ VOSTF \/ Drame Prix sp\u00e9cial du jury, meilleur sc\u00e9nario au Festival International du Film de Shanghai 2018 Apprenant qu\u2019elle souffre d\u2019une maladie grave, Drolma d\u00e9cide d\u2019effectuer un \u00e9prouvant p\u00e8lerinage \u00e0 travers le Tibet jusqu\u2019\u00e0 Lhassa pour tenir une ancienne promesse. Elle part sans r\u00e9v\u00e9ler sa maladie \u00e0 son mari, &hellip; <\/p>\n<p class=\"link-more\"><a href=\"https:\/\/www.allersretoursasso.fr\/zh\/films\/ala-changso-%e9%98%bf%e6%8b%89%e5%a7%9c%e8%89%b2-sonthar-gyal-%e6%9d%be%e5%a4%aa%e5%8a%a0\/\" class=\"more-link\">\u7ee7\u7eed\u9605\u8bfb<span class=\"screen-reader-text\">\u201c<span style=\"font-size: 120%;\"><i>Ala Changso<\/i><\/span><br \/>\u963f\u62c9\u59dc\u8272<br \/>\u677e\u592a\u52a0<br \/>\u0f5f\u0f7c\u0f53\u0f0b\u0f50\u0f62\u0f0b\u0f62\u0f92\u0fb1\u0f63\u0f0d-\u677e\u592a\u52a0\u201d<\/span><\/a><\/p>","protected":false},"featured_media":530,"comment_status":"open","ping_status":"closed","template":"","meta":[],"_links":{"self":[{"href":"https:\/\/www.allersretoursasso.fr\/zh\/wp-json\/wp\/v2\/product\/444"}],"collection":[{"href":"https:\/\/www.allersretoursasso.fr\/zh\/wp-json\/wp\/v2\/product"}],"about":[{"href":"https:\/\/www.allersretoursasso.fr\/zh\/wp-json\/wp\/v2\/types\/product"}],"replies":[{"embeddable":true,"href":"https:\/\/www.allersretoursasso.fr\/zh\/wp-json\/wp\/v2\/comments?post=444"}],"wp:featuredmedia":[{"embeddable":true,"href":"https:\/\/www.allersretoursasso.fr\/zh\/wp-json\/wp\/v2\/media\/530"}],"wp:attachment":[{"href":"https:\/\/www.allersretoursasso.fr\/zh\/wp-json\/wp\/v2\/media?parent=444"}],"curies":[{"name":"wp","href":"https:\/\/api.w.org\/{rel}","templated":true}]}}