{"id":445,"date":"2019-01-18T16:08:45","date_gmt":"2019-01-18T15:08:45","guid":{"rendered":"https:\/\/www.allersretoursasso.fr\/?post_type=product&#038;p=445"},"modified":"2019-11-03T12:01:42","modified_gmt":"2019-11-03T11:01:42","slug":"ive-got-a-little-problem-%e6%88%91%e6%9c%89%e4%b8%80%e4%b8%aa%e6%8a%91%e9%83%81%e7%9a%84%e5%b0%8f%e9%97%ae%e9%a2%98-zhang-ximing-%e5%bc%a0%e6%ba%aa%e6%ba%9f","status":"publish","type":"product","link":"https:\/\/www.allersretoursasso.fr\/zh\/films\/ive-got-a-little-problem-%e6%88%91%e6%9c%89%e4%b8%80%e4%b8%aa%e6%8a%91%e9%83%81%e7%9a%84%e5%b0%8f%e9%97%ae%e9%a2%98-zhang-ximing-%e5%bc%a0%e6%ba%aa%e6%ba%9f\/","title":{"rendered":"<span style=\"font-size: 120%;\"><i>I&#8217;ve Got a Little Problem<\/i><\/span><br>\u6211\u6709\u4e00\u4e2a\u5fe7\u90c1\u7684\uff0c\u5c0f\u95ee\u9898<br>ZHANG Ximing<br>\u5f20\u6eaa\u6e9f"},"content":{"rendered":"<div id=\"fb-root\"><\/div>\n<p><i>2017 \/ 44\u2019 \/ \u666e\u901a\u8bdd \/ \u539f\u58f0\u6cd5\u8bed\u5b57\u5e55 \/ \u7eaa\u5f55\u7247\uff0c\u81ea\u4f20<\/i><\/p>\n<p><i>\u5165\u56f4\u91d1\u9a6c\u7535\u5f71\u8282\u548c\u91dc\u5c71\u56fd\u9645\u7535\u5f71\u8282\u7684\u975e\u7ade\u8d5b\u5355\u5143<\/i><\/p>\n<p><iframe loading=\"lazy\" src=\"https:\/\/www.youtube-nocookie.com\/embed\/zDje_FKxfeU\" width=\"560\" height=\"315\" frameborder=\"0\" allowfullscreen=\"allowfullscreen\"><\/iframe><\/p>\n<p>\u6444\u5f71\u5e08\u4efb\u822a\u6709\u4e00\u4e2a\u62cd\u6444\u8ba1\u5212\uff1a\u5728\u9f13\u697c\u5927\u8857\u4e0a\u62cd\u6444\u88f8\u4f53\u6a21\u7279\u3002\u5bf9\u4e8e\u6b64\u4e3e\uff0c\u6709\u4eba\u58f0\u63f4\u4e5f\u6709\u53cd\u5bf9\uff0c\u4e3a\u4ec0\u4e48\u4ed6\u8981\u8fd9\u4e48\u505a\uff1f\u539f\u6765\uff0c\u81ea\u62cd\u6444\u88f8\u4f53\u4f0a\u59cb\uff0c\u4ed6\u5c31\u4e00\u76f4\u9762\u4e34\u591a\u65b9\u963b\u529b\uff0c\u4ece\u88ab\u5370\u5237\u5382\u8001\u677f\u8bc8\u9a97\u7684\u65e0\u5904\u7533\u8bc9\uff0c\u5230\u88ab\u4e3e\u62a5\u62cd\u6444\u88f8\u4f53\u8ba9\u8b66\u5bdf\u5e26\u8d70\uff0c\u4efb\u822a\u7684\u5ba1\u7f8e\u8bc9\u6c42\u4e0e\u793e\u4f1a\u9053\u5fb7\u6fc0\u70c8\u78b0\u649e\uff0c\u800c\u9971\u53d7\u975e\u8bae\u2026\u2026\u4ed6\u4e0d\u611f\u5230\u6050\u60e7\u5417\uff1f\u7b54\u6848\u662f\uff1a\u6b63\u56e0\u4e3a\u6050\u60e7\uff0c\u4ed6\u624d\u51b3\u610f\u5bf9\u6297\u3002\u4ece\u9ad8\u4e2d\u5f00\u59cb\uff0c\u4efb\u822a\u4fbf\u7ecf\u5e38\u9003\u8bfe\uff0c\u5728\u697c\u9876\u4e00\u5750\u4e00\u6574\u5929\uff0c\u4ed6\u7684\u613f\u671b\u662f\uff1a\u4ece\u8fd9\u8df3\u4e0b\u53bb\u2026\u2026\u76f4\u5230\u4e0a\u5927\u5b66\u540e\uff0c\u4ed6\u624d\u610f\u8bc6\u5230\u8fd9\u662f\u201c\u6291\u90c1\u75c7\u201d\u7684\u8868\u73b0\u3002\u53d1\u75c5 \u2014 \u5403\u836f \u2014 \u518d\u53d1\u75c5 \u2014 \u518d\u5403\u836f\uff0c\u6291\u90c1\u8ba9\u4ed6\u7684\u6444\u5f71\u4f5c\u54c1\u5145\u6ee1\u4e86\u521b\u9020\u529b\u7684\u5947\u8ff9\uff0c\u4e5f\u8ba9\u4ed6\u7684\u751f\u6d3b\u8d8a\u6765\u8d8a\u5931\u63a7\u3002\u7ec8\u4e8e\u4e00\u5929\uff0c\u4ed6\u7eb5\u8eab\u4e00\u8dc3\uff0c\u5b8c\u6210\u4e86\u613f\u671b\u2026\u2026\n\u8fd9\u4e2a\u4f5c\u54c1\u8bb0\u5f55\u4e86\u4ee5\u88f8\u4f53\u6444\u5f71\u800c\u4eab\u6709\u4e16\u754c\u58f0\u8a89\u7684\u6444\u5f71\u5e08\u4efb\u822a\u7684\u751f\u6d3b\u4e0e\u521b\u4f5c\u3002\u5f20\u6eaa\u6e9f\u5c06\u51e0\u4e2a\u5448\u73b0\u4efb\u822a\u521b\u4f5c\u8fc7\u7a0b\u7684\u7d20\u6750\u526a\u8f91\u5230\u4e86\u4e00\u8d77\u3002\u5176\u4e2d\u5f88\u5927\u4e00\u90e8\u5206\u4e5f\u6210\u4e3a\u4e86\u4efb\u822a\u521b\u4f5c\u52a8\u673a\u548c\u6291\u90c1\u72b6\u6001\u7684\u4f50\u8bc1\uff0c\u6b63\u662f\u8fd9\u4e9b\u56e0\u7d20\u5bfc\u81f4\u4ed6\u4e8e2017\u5e74\u9009\u62e9\u7ed3\u675f\u81ea\u5df1\u7684\u751f\u547d\u3002<\/p>\n<blockquote><p><em>\u8fd9\u4e5f\u662f\u4e00\u90e8\u81f4\u656c\u7535\u5f71\u3002\u300a\u6211\u6709\u4e00\u4e2a\u5fe7\u90c1\u7684\u5c0f\u95ee\u9898\u300b\u5411\u6211\u4eec\u5c55\u793a\u4e86\u4efb\u822a\u7684\u521b\u4f5c\u3002\u4f5c\u54c1\u4e2d\u53cd\u5e94\u51fa\u7684\u4e0e\u88f8\u4f53\u4ee5\u53ca\u4eba\u4f53\u5173\u7cfb\u76f8\u5173\u7684\u53cd\u601d\u53ca\u5176\u4ee3\u8868\u6027\u81f3\u4eca\u4ee4\u4eba\u9707\u60ca\u3002\u8fd9\u662f\u4e00\u90e8\u6781\u5177\u521b\u610f\u7684\u5f71\u7247\uff0c\u5982\u679c\u4f60\u8fd8\u4e0d\u4e86\u89e3\u4efb\u822a\uff0c\u4e00\u5b9a\u4e0d\u8981\u9519\u8fc7\u8fd9\u90e8\u7eaa\u5f55\u7247\uff01<\/em><\/p><\/blockquote>\n<div class=\"agenda\">\u4efb\u822a\u548c\u80e1\u6ce2\u81f4\u656c\u4e13\u573a\uff1a<br \/>\n<b>- Studio des Ursulines 03.05 19h<\/b><br \/>\n<b>- Mac Mahon 03.09 18h30<\/b><\/div>","protected":false},"excerpt":{"rendered":"<p>2017 \/ 44\u2019 \/ Mandarin \/ VOSTF \/ Documentaire, Biographie Hors-comp\u00e9tition au Golden Horse et au Festival International du Film de Busan T\u00e9moignage sur la vie et l\u2019\u0153uvre de Ren Hang \u4efb\u822a, photographe dont les nus artistiques ont atteint une renomm\u00e9e mondiale. Zhang Ximing a r\u00e9alis\u00e9 un montage de plusieurs documents montrant Ren Hang dans &hellip; <\/p>\n<p class=\"link-more\"><a href=\"https:\/\/www.allersretoursasso.fr\/zh\/films\/ive-got-a-little-problem-%e6%88%91%e6%9c%89%e4%b8%80%e4%b8%aa%e6%8a%91%e9%83%81%e7%9a%84%e5%b0%8f%e9%97%ae%e9%a2%98-zhang-ximing-%e5%bc%a0%e6%ba%aa%e6%ba%9f\/\" class=\"more-link\">\u7ee7\u7eed\u9605\u8bfb<span class=\"screen-reader-text\">\u201c<span style=\"font-size: 120%;\"><i>I&#8217;ve Got a Little Problem<\/i><\/span><br \/>\u6211\u6709\u4e00\u4e2a\u5fe7\u90c1\u7684\uff0c\u5c0f\u95ee\u9898<br \/>ZHANG Ximing<br \/>\u5f20\u6eaa\u6e9f\u201d<\/span><\/a><\/p>","protected":false},"featured_media":451,"comment_status":"open","ping_status":"closed","template":"","meta":[],"_links":{"self":[{"href":"https:\/\/www.allersretoursasso.fr\/zh\/wp-json\/wp\/v2\/product\/445"}],"collection":[{"href":"https:\/\/www.allersretoursasso.fr\/zh\/wp-json\/wp\/v2\/product"}],"about":[{"href":"https:\/\/www.allersretoursasso.fr\/zh\/wp-json\/wp\/v2\/types\/product"}],"replies":[{"embeddable":true,"href":"https:\/\/www.allersretoursasso.fr\/zh\/wp-json\/wp\/v2\/comments?post=445"}],"wp:featuredmedia":[{"embeddable":true,"href":"https:\/\/www.allersretoursasso.fr\/zh\/wp-json\/wp\/v2\/media\/451"}],"wp:attachment":[{"href":"https:\/\/www.allersretoursasso.fr\/zh\/wp-json\/wp\/v2\/media?parent=445"}],"curies":[{"name":"wp","href":"https:\/\/api.w.org\/{rel}","templated":true}]}}