{"id":452,"date":"2019-01-18T17:57:39","date_gmt":"2019-01-18T16:57:39","guid":{"rendered":"https:\/\/www.allersretoursasso.fr\/?post_type=product&#038;p=452"},"modified":"2019-11-03T12:01:18","modified_gmt":"2019-11-03T11:01:18","slug":"she-%e5%a5%b3%e4%bb%96-zhou-shengwei-%e5%91%a8%e5%9c%a3%e5%b4%b4","status":"publish","type":"product","link":"https:\/\/www.allersretoursasso.fr\/zh\/films\/she-%e5%a5%b3%e4%bb%96-zhou-shengwei-%e5%91%a8%e5%9c%a3%e5%b4%b4\/","title":{"rendered":"<span style=\"font-size: 120%;\"><i>SHe<\/i><\/span><br>\u5973\u4ed6<br>ZHOU Shengwei<br>\u5468\u5723\u5d34"},"content":{"rendered":"<div id=\"fb-root\"><\/div>\n<p><i>2018 \/ 95\u2019 \/ \u65e0\u5bf9\u767d \/ \u5b9a\u683c\u52a8\u753b<\/i><\/p>\n<p><i>\u5165\u56f42018\u5e74\u4e0a\u6d77\u56fd\u9645\u7535\u5f71\u8282\u6700\u4f73\u52a8\u753b\u5956<br \/>\n<\/i><\/p>\n<p><iframe loading=\"lazy\" src=\"https:\/\/www.youtube-nocookie.com\/embed\/7RjdB8tWMgY\" width=\"560\" height=\"315\" frameborder=\"0\" allowfullscreen=\"allowfullscreen\"><\/iframe><\/p>\n<p>\u5728\u4e00\u4e2a\u7531\u7537\u978b\u602a\u4ee5\u9999\u70df\u4ea7\u4e1a\u63a7\u5236\u793e\u4f1a\u7684\u9b54\u5e7b\u4e16\u754c\u91cc\uff0c\u4e00\u53ea\u5973\u978b\u602a\u5988\u5988\u51b3\u5b9a\u5047\u626e\u6210\u7537\u978b\u5230\u5377\u70df\u5382\u5de5\u4f5c\uff0c\u4ee5\u4fdd\u62a4\u5e76\u517b\u6d3b\u5973\u513f\u3002<\/p>\n<blockquote><p>OVNI de la s\u00e9lection, <i>SHe<\/i> \u5b9a\u683c\u52a8\u753b\u201c\u5973\u4ed6\u201d\u662f\u4f5c\u8005\u5468\u5723\u5d34\u8017\u65f66\u5e74\uff0c\u5c06\u6536\u96c6\u6216\u6350\u8d60\u6765\u7684\u5e9f\u54c1\u518d\u5229\u7528\uff0c\u4e00\u796f\u4e00\u796f\u62cd\u6444\u6574\u6574\u4e94\u4e07\u516b\u5343\u5f20\u5f71\u50cf\u6240\u6253\u9020\u51fa\u6765\u7684\u9b54\u5e7b\u4e16\u754c\u3002\u672c\u7247\u5728\u5236\u4f5c\u98ce\u683c\u4e0a\u5438\u6536\u4e86\u6377\u514b\u5b9a\u683c\u52a8\u753b\u5927\u5e08\u5409\u529b\u00b7\u5510\u5361\uff08Ji\u0159\u00ed Trnk\uff09\u548c\u6768\u00b7\u53f2\u4e91\u6885\u8036\uff08Jan \u0160vankmajer\uff09\u4e30\u5bcc\u7684\u8d85\u73b0\u5b9e\u7f8e\u5b66\uff0c\u4ee5\u8c61\u5f81\u624b\u6cd5\u5bd3\u610f\u4e8e\u753b\uff0c\u63cf\u5199\u4e2d\u56fd\u793e\u4f1a\u4e2d\u7684\u5973\u6027\u5904\u5883\u3002 <i>SHe <\/i>parle par symboles de la place de la femme dans la soci\u00e9t\u00e9 chinoise.<\/p><\/blockquote>\n<p>+ <span style=\"font-size: 120%;\"><i>\u300a\u4ed6\u7684\u5979\u300b<\/i> \u4ed6\u7684\u5979<\/span><br \/>\n\u5e55\u540e\u5236\u4f5c\u82b1\u7d6e\uff1a\u300a\u4ed6\u7684\u5979\u300b <strong>\u97e9\u4e9a\u5cf0 \/ \u5f20\u5fc3\u6d01<\/strong> \u548c <strong>ZHANG Xinjie <\/strong><br \/>\n(2018 \/ 18\u2019 \/ \u666e\u901a\u8bdd\/ \u4e2d\u82f1\u5b57\u5e55)<br \/>\n<img loading=\"lazy\" decoding=\"async\" class=\"alignnone size-large wp-image-553\" src=\"https:\/\/www.allersretoursasso.fr\/wp-content\/uploads\/2019\/01\/\u4ed6\u7684\u5979-731x1024.jpeg\" alt=\"\u4ed6\u7684\u5979\" width=\"525\" height=\"735\" srcset=\"https:\/\/www.allersretoursasso.fr\/wp-content\/uploads\/2019\/01\/\u4ed6\u7684\u5979-731x1024.jpeg 731w, https:\/\/www.allersretoursasso.fr\/wp-content\/uploads\/2019\/01\/\u4ed6\u7684\u5979-214x300.jpeg 214w, https:\/\/www.allersretoursasso.fr\/wp-content\/uploads\/2019\/01\/\u4ed6\u7684\u5979-768x1075.jpeg 768w, https:\/\/www.allersretoursasso.fr\/wp-content\/uploads\/2019\/01\/\u4ed6\u7684\u5979-250x350.jpeg 250w, https:\/\/www.allersretoursasso.fr\/wp-content\/uploads\/2019\/01\/\u4ed6\u7684\u5979-350x490.jpeg 350w\" sizes=\"(max-width: 525px) 100vw, 525px\" \/><\/p>\n<div class=\"agenda\">\u573a\u6b21\uff1a<br \/>\n<b>- Studio des Ursulines 03.02 20h30<\/b><br \/>\n<b>- Mac Mahon 03.10 14h<\/b><\/div>","protected":false},"excerpt":{"rendered":"<p>2018 \/ 95\u2019 \/ sans paroles \/ Animation (stop-motion) Nomm\u00e9 dans la cat\u00e9gorie Meilleur Film d\u2019Animation au Festival International du Film de Shanghai 2018 Dans un monde domin\u00e9 par les chaussures masculines dont l\u2019activit\u00e9 principale est la production de cigarettes, une chaussure \u00e0 talon se d\u00e9guise en homme pour pouvoir travailler elle aussi \u00e0 l\u2019usine &hellip; <\/p>\n<p class=\"link-more\"><a href=\"https:\/\/www.allersretoursasso.fr\/zh\/films\/she-%e5%a5%b3%e4%bb%96-zhou-shengwei-%e5%91%a8%e5%9c%a3%e5%b4%b4\/\" class=\"more-link\">\u7ee7\u7eed\u9605\u8bfb<span class=\"screen-reader-text\">\u201c<span style=\"font-size: 120%;\"><i>SHe<\/i><\/span><br \/>\u5973\u4ed6<br \/>ZHOU Shengwei<br \/>\u5468\u5723\u5d34\u201d<\/span><\/a><\/p>","protected":false},"featured_media":453,"comment_status":"open","ping_status":"closed","template":"","meta":[],"_links":{"self":[{"href":"https:\/\/www.allersretoursasso.fr\/zh\/wp-json\/wp\/v2\/product\/452"}],"collection":[{"href":"https:\/\/www.allersretoursasso.fr\/zh\/wp-json\/wp\/v2\/product"}],"about":[{"href":"https:\/\/www.allersretoursasso.fr\/zh\/wp-json\/wp\/v2\/types\/product"}],"replies":[{"embeddable":true,"href":"https:\/\/www.allersretoursasso.fr\/zh\/wp-json\/wp\/v2\/comments?post=452"}],"wp:featuredmedia":[{"embeddable":true,"href":"https:\/\/www.allersretoursasso.fr\/zh\/wp-json\/wp\/v2\/media\/453"}],"wp:attachment":[{"href":"https:\/\/www.allersretoursasso.fr\/zh\/wp-json\/wp\/v2\/media?parent=452"}],"curies":[{"name":"wp","href":"https:\/\/api.w.org\/{rel}","templated":true}]}}