{"id":457,"date":"2019-01-18T18:36:45","date_gmt":"2019-01-18T17:36:45","guid":{"rendered":"https:\/\/www.allersretoursasso.fr\/?post_type=product&#038;p=457"},"modified":"2019-11-03T12:01:07","modified_gmt":"2019-11-03T11:01:07","slug":"the-days-3-%e7%94%9f%e6%b4%bb%e8%80%8c%e5%b7%b23-wei-xiaobo-%e9%ad%8f%e6%99%93%e6%b3%a2","status":"publish","type":"product","link":"https:\/\/www.allersretoursasso.fr\/zh\/films\/the-days-3-%e7%94%9f%e6%b4%bb%e8%80%8c%e5%b7%b23-wei-xiaobo-%e9%ad%8f%e6%99%93%e6%b3%a2\/","title":{"rendered":"<span style=\"font-size: 120%;\"><i>\u300a\u751f\u6d3b\u800c\u5df23\u300b<\/i><\/span><br>\u751f\u6d3b\u800c\u5df23<br>\u9b4f\u6653\u6ce2<br>\u9b4f\u6653\u6ce2"},"content":{"rendered":"<div id=\"fb-root\"><\/div>\n<p><i>2017 \/ 91\u2019 \/ \u666e\u901a\u8bdd \/ \u539f\u58f0\u6cd5\u8bed\u5b57\u5e55 \/ \u7eaa\u5f55\u7247<\/i><br \/>\n<span style=\"font-size: 80%;\"> \u6cd5\u8bed\u5b57\u5e55\u7ffb\u8bd1\uff1a <a href=\"https:\/\/slsauxtrad.wixsite.com\/traduction\">Soline Le Saux<\/a><\/span><\/p>\n<p><i>\u63d0\u540d\u7b2c11\u5c4aFIRST\u56fd\u9645\u7535\u5f71\u8282\u6700\u4f73\u7eaa\u5f55\u7247\u5956<\/i><\/p>\n<p><iframe loading=\"lazy\" src=\"https:\/\/www.youtube-nocookie.com\/embed\/cCTTMh2Ykzg\" width=\"560\" height=\"315\" frameborder=\"0\" allowfullscreen=\"allowfullscreen\"><\/iframe><\/p>\n<p><i>\u201c \u6216\u8bb8\u6709\u4e00\u5929\uff0c\u7fa4\u9b54\u4f1a\u6563\u53bb\u3002\u6211\u5e0c\u671b\u5c06\u6765\u7684\u4eba\u80fd\u901a\u8fc7\u8fd9\u4e2a\u7eaa\u5f55\u7247\u770b\u5230\u8fd9\u4e2a\u65f6\u4ee3\u7684\u4e24\u4e2a\u5c0f\u5e73\u6c11\u7684\u771f\u5b9e\u751f\u6d3b\uff0c\u5c31\u50cf\u6bcf\u4e2a\u65f6\u4ee3\u88ab\u5ffd\u7565\u7684\u4eba\u7684\u751f\u6d3b\u3002\u5728\u505a\u4e86\u51e0\u90e8\u7eaa\u5f55\u957f\u7247\u4e4b\u540e\uff0c\u6211\u4e0d\u6562\u5962\u671b\u7eaa\u5f55\u7247\u80fd\u6539\u53d8\u4ec0\u4e48\uff0c\u4f46\u662f\uff0c\u6211\u53d1\u73b0\u5b83\u80fd\u6084\u6084\u7684\u6539\u53d8\u6211\u81ea\u5df1\uff0c\u4ece\u8fd9\u9762\u955c\u5b50\u4e2d\uff0c\u6211\u624d\u771f\u6b63\u610f\u8bc6\u5230\uff0c\u6211\u4e0d\u8fc7\u662f\u751f\u6d3b\u7740\u800c\u5df2\u3002\u201d<\/i><br \/>\n- \u9b4f\u6653\u6ce2<\/p>\n<blockquote><p>\u201c\u751f\u6d3b\u800c\u5df2\u201d\u662f\u5bfc\u6f14\u9b4f\u6653\u6ce2\u5c06\u81ea\u5df1\u4e0e\u59bb\u5b50\u7684\u4e2a\u4eba\u751f\u6d3b\u66b4\u9732\u5728\u955c\u5934\u4e0b\u7ec6\u7ec6\u5ba1\u89c6\u7684\u7eaa\u5f55\u7247\u3002\u4f5c\u4e3a\u751f\u6d3b\u7cfb\u5217\u7684\u7b2c\u4e09\u90e8\u4f5c\u54c1\uff0c\u201c\u751f\u6d3b\u800c\u5df23\u201d\u5927\u8de8\u5ea6\u5730\u6db5\u76d6\u4e86\u4e24\u4eba2013\u5e74\u81f32017\u5e74\u95f4\u7684\u79c1\u751f\u6d3b\uff0c\u5176\u4e2d\u4e3b\u8981\u5448\u73b0\u8fd9\u5bf9\u5e74\u8f7b\u592b\u59bb\u5728\u9762\u5bf9\u751f\u5b69\u5b50\u4e00\u4e8b\u7684\u8fdf\u7591\u4e0e\u7126\u8651\u3002\u672c\u7247\u4ee5\u4e00\u79cd\u72ec\u6709\u7684\u620f\u8c11\u65b9\u5f0f\u62fc\u51d1\u65e0\u6570\u7684\u79c1\u5bc6\u751f\u6d3b\u7247\u6bb5\uff0c\u63cf\u7ed8\u4e2d\u56fd\u5f53\u4ee3\u90fd\u5e02\u4e2d\u7684\u9752\u5e74\u592b\u59bb\u751f\u6d3b\u3002<\/p><\/blockquote>\n<div class=\"agenda\">\u573a\u6b21\uff1a<br \/>\n<b>- Studio des Ursulines 03.03 18h<\/b><br \/>\n<b>- Mac Mahon 03.10 16h<\/b><\/div>","protected":false},"excerpt":{"rendered":"<p>2017 \/ 91\u2019 \/ Mandarin \/ VOSTF \/ Documentaire Adaptation fran\u00e7aise par Soline Le Saux Nomm\u00e9 pour le meilleur documentaire au Festival FIRST J\u2019esp\u00e8re qu\u2019\u00e0 travers ce documentaire les gens du futur pourront voir la vraie vie de deux personnes ordinaires aujourd\u2019hui, les oubli\u00e9s de chaque \u00e9poque. Ayant r\u00e9alis\u00e9 plusieurs documentaires, je ne me fais &hellip; <\/p>\n<p class=\"link-more\"><a href=\"https:\/\/www.allersretoursasso.fr\/zh\/films\/the-days-3-%e7%94%9f%e6%b4%bb%e8%80%8c%e5%b7%b23-wei-xiaobo-%e9%ad%8f%e6%99%93%e6%b3%a2\/\" class=\"more-link\">\u7ee7\u7eed\u9605\u8bfb<span class=\"screen-reader-text\">\u201c<span style=\"font-size: 120%;\"><i>\u300a\u751f\u6d3b\u800c\u5df23\u300b<\/i><\/span><br \/>\u751f\u6d3b\u800c\u5df23<br \/>\u9b4f\u6653\u6ce2<br \/>\u9b4f\u6653\u6ce2\u201d<\/span><\/a><\/p>","protected":false},"featured_media":458,"comment_status":"open","ping_status":"closed","template":"","meta":[],"_links":{"self":[{"href":"https:\/\/www.allersretoursasso.fr\/zh\/wp-json\/wp\/v2\/product\/457"}],"collection":[{"href":"https:\/\/www.allersretoursasso.fr\/zh\/wp-json\/wp\/v2\/product"}],"about":[{"href":"https:\/\/www.allersretoursasso.fr\/zh\/wp-json\/wp\/v2\/types\/product"}],"replies":[{"embeddable":true,"href":"https:\/\/www.allersretoursasso.fr\/zh\/wp-json\/wp\/v2\/comments?post=457"}],"wp:featuredmedia":[{"embeddable":true,"href":"https:\/\/www.allersretoursasso.fr\/zh\/wp-json\/wp\/v2\/media\/458"}],"wp:attachment":[{"href":"https:\/\/www.allersretoursasso.fr\/zh\/wp-json\/wp\/v2\/media?parent=457"}],"curies":[{"name":"wp","href":"https:\/\/api.w.org\/{rel}","templated":true}]}}