{"id":459,"date":"2019-01-18T19:01:51","date_gmt":"2019-01-18T18:01:51","guid":{"rendered":"https:\/\/www.allersretoursasso.fr\/?post_type=product&#038;p=459"},"modified":"2019-11-03T11:49:18","modified_gmt":"2019-11-03T10:49:18","slug":"widowed-witch-%e5%8c%97%e6%96%b9%e4%b8%80%e7%89%87%e8%8b%8d%e8%8c%ab-cai-chengjie-%e8%94%a1%e6%88%90%e6%9d%b0","status":"publish","type":"product","link":"https:\/\/www.allersretoursasso.fr\/zh\/films\/widowed-witch-%e5%8c%97%e6%96%b9%e4%b8%80%e7%89%87%e8%8b%8d%e8%8c%ab-cai-chengjie-%e8%94%a1%e6%88%90%e6%9d%b0\/","title":{"rendered":"<span style=\"font-size: 120%;\"><i>The Widowed Witch<\/i><\/span><br>\u5317\u65b9\u4e00\u7247\u82cd\u832b<br>Cai Chengjie<br>\u8521\u6210\u6770"},"content":{"rendered":"<div id=\"fb-root\"><\/div>\n<p><i>2017 \/ 120\u2019 \/ \u666e\u901a\u8bdd\u3001\u65b9\u8a00 \/ \u539f\u58f0\u6cd5\u8bed\u5b57\u5e55 \/ \u5267\u60c5<\/i><\/p>\n<p><i>\u83b7\u5f97\u7b2c47\u5c4a\u9e7f\u7279\u4e39\u56fd\u9645\u7535\u5f71\u8282\u91d1\u864e\u5956<\/i><br \/>\n<i>\u83b7\u5f97\u7b2c11\u5c4aFIRST\u56fd\u9645\u7535\u5f71\u8282\u6700\u4f73\u5267\u60c5\u7247\u5956\u53ca\u6700\u4f73\u5bfc\u6f14\u5956<\/i><\/p>\n<p><iframe loading=\"lazy\" src=\"https:\/\/www.youtube-nocookie.com\/embed\/-inlj7_Kpvk\" width=\"560\" height=\"315\" frameborder=\"0\" allowfullscreen=\"allowfullscreen\"><\/iframe><\/p>\n<p>\u5728\u610f\u5916\u4e2d\u5931\u53bb\u4e08\u592b\u4e0e\u5c45\u6240\u7684\u5be1\u5987\u738b\u4e8c\u597d\u4e0e\u53c8\u804b\u53c8\u54d1\u7684\u5c0f\u8205\u5b50\u6f02\u6cca\u5728\u5317\u65b9\u51bb\u7ed3\u7684\u5927\u5730\uff0c\u56db\u5904\u5bfb\u6c42\u5e87\u62a4\u5374\u6ca1\u6709\u4eba\u613f\u610f\u4f38\u51fa\u63f4\u624b\u3002\u60c5\u51b5\u5728\u4e00\u8fde\u4e32\u7684\u663e\u7075\u4e8b\u4ef6\u4ee5\u540e\u6539\u53d8\u2014\u4e61\u91cc\u5f00\u59cb\u79f0\u547c\u5979\u4e3a\u201c\u795e\u4ed9\u201d\uff0c\u5c0f\u5be1\u5987\u8bef\u6253\u8bef\u649e\u6210\u4e86\u80fd\u591f\u65bd\u884c\u5947\u8ff9\u7684\u5973\u5deb\uff0c\u5c1d\u8bd5\u5e2e\u52a9\u6751\u6c11\u4e5f\u4e3a\u81ea\u5df1\u548c\u5c0f\u8205\u5b50\u7cca\u53e3\u996d\u5403\u3002\u7136\u800c\u518d\u5f3a\u7684\u6cd5\u529b\u90fd\u654c\u4e0d\u8fc7\u4eba\u5fc3\u7684\u8d2a\u5a6a\u2026\u2026<\/p>\n<blockquote><p><i>The Widowed Witch<\/i> \u4ee5\u8352\u51c9\u9634\u51b7\u7684\u4e2d\u56fd\u6781\u5317\u5730\u533a\u4e3a\u80cc\u666f\uff0c\u201c\u5317\u65b9\u4e00\u7247\u82cd\u832b\u201d\u5728\u89c6\u89c9\u4e0a\u5efa\u6784\u51fa\u4e00\u4e2a\u6709\u8d85\u73b0\u5b9e\u529b\u91cf\u53ca\u795e\u79d8\u751f\u7269\u51fa\u6ca1\u7684\u9ed1\u767d\u51b0\u5c01\u4e16\u754c\u3002\u6545\u4e8b\u80cc\u666f\u53d6\u6750\u81ea\u5317\u65b9\u4e61\u6751\u4f9d\u7136\u901a\u884c\u7684\u8428\u6ee1\u4fe1\u4ef0\uff0c\u5bf9\u81ea\u7136\u529b\u91cf\u3001\u9b3c\u9b42\u4e0e\u795e\u4ed9\u7684\u656c\u754f\u4ee5\u53ca\u80fd\u4e0e\u4e4b\u6c9f\u901a\u7684\u5deb\u5e08\u89d2\u8272\u3002\u672c\u7247\u4e3a\u5bfc\u6f14\u7684\u7b2c\u4e00\u90e8\u5267\u60c5\u957f\u7247\uff0c\u795e\u602a\u7684\u80cc\u666f\u67b6\u6784\u4e4b\u4e0b\uff0c\u63a2\u8ba8\u5f31\u52bf\u7684\u5973\u6027\u5728\u76f8\u5bf9\u5c01\u95ed\u7684\u793e\u4f1a\u7ed3\u6784\u4e2d\uff0c\u53d7\u5c3d\u4e0d\u516c\u5bf9\u5f85\u7684\u5f53\u4ee3\u793e\u4f1a\u8bae\u9898\u3002<\/p><\/blockquote>\n<p><strong>\u66f4\u591a\u94fe\u63a5\uff1a<\/strong><\/p>\n<p><a href=\"http:\/\/www.chinesemovies.com.fr\/cineastes_Cai_Chengjie.htm\"><b>Chinesemovies\u5173\u4e8e\u5bfc\u6f14\u8521\u6210\u6770\u4ecb\u7ecd<\/b><\/a><\/p>\n<div class=\"agenda\">\u573a\u6b21\uff1a<br \/>\n<b>- Studio des Ursulines 03.04 19h45<\/b><br \/>\n<b>- Mac Mahon 03.08 20h<\/b><\/div>","protected":false},"excerpt":{"rendered":"<p>2017 \/ 120\u2019 \/ Mandarin \/ VOSTF \/ Drame Tiger Award au Festival International du Film de Rotterdam Prix du meilleur r\u00e9alisateur et de la meilleure fiction au festival FIRST Une veuve erre avec un jeune sourd-muet dans les terres glac\u00e9es du nord de la Chine. Rejet\u00e9e par tous apr\u00e8s l\u2019incendie de sa maison, sa &hellip; <\/p>\n<p class=\"link-more\"><a href=\"https:\/\/www.allersretoursasso.fr\/zh\/films\/widowed-witch-%e5%8c%97%e6%96%b9%e4%b8%80%e7%89%87%e8%8b%8d%e8%8c%ab-cai-chengjie-%e8%94%a1%e6%88%90%e6%9d%b0\/\" class=\"more-link\">\u7ee7\u7eed\u9605\u8bfb<span class=\"screen-reader-text\">\u201c<span style=\"font-size: 120%;\"><i>The Widowed Witch<\/i><\/span><br \/>\u5317\u65b9\u4e00\u7247\u82cd\u832b<br \/>Cai Chengjie<br \/>\u8521\u6210\u6770\u201d<\/span><\/a><\/p>","protected":false},"featured_media":460,"comment_status":"open","ping_status":"closed","template":"","meta":[],"_links":{"self":[{"href":"https:\/\/www.allersretoursasso.fr\/zh\/wp-json\/wp\/v2\/product\/459"}],"collection":[{"href":"https:\/\/www.allersretoursasso.fr\/zh\/wp-json\/wp\/v2\/product"}],"about":[{"href":"https:\/\/www.allersretoursasso.fr\/zh\/wp-json\/wp\/v2\/types\/product"}],"replies":[{"embeddable":true,"href":"https:\/\/www.allersretoursasso.fr\/zh\/wp-json\/wp\/v2\/comments?post=459"}],"wp:featuredmedia":[{"embeddable":true,"href":"https:\/\/www.allersretoursasso.fr\/zh\/wp-json\/wp\/v2\/media\/460"}],"wp:attachment":[{"href":"https:\/\/www.allersretoursasso.fr\/zh\/wp-json\/wp\/v2\/media?parent=459"}],"curies":[{"name":"wp","href":"https:\/\/api.w.org\/{rel}","templated":true}]}}