{"id":464,"date":"2019-01-18T23:11:35","date_gmt":"2019-01-18T22:11:35","guid":{"rendered":"https:\/\/www.allersretoursasso.fr\/?post_type=product&#038;p=464"},"modified":"2019-11-03T11:48:56","modified_gmt":"2019-11-03T10:48:56","slug":"trois-aventures-brooke-%e6%98%9f%e6%ba%aa%e7%9a%84%e4%b8%89%e6%ac%a1%e5%a5%87%e9%81%87-yuan-qing-%e7%ab%b9%e5%8e%9f%e9%9d%92","status":"publish","type":"product","link":"https:\/\/www.allersretoursasso.fr\/zh\/films\/trois-aventures-brooke-%e6%98%9f%e6%ba%aa%e7%9a%84%e4%b8%89%e6%ac%a1%e5%a5%87%e9%81%87-yuan-qing-%e7%ab%b9%e5%8e%9f%e9%9d%92\/","title":{"rendered":"<span style=\"font-size: 120%;\"><i>\u300a\u661f\u6eaa\u7684\u4e09\u6b21\u5947\u9047\u300b<\/i><\/span><br>\u661f\u6eaa\u7684\u4e09\u6b21\u5947\u9047<br>Yuan Qing<br>\u7af9\u539f\u9752"},"content":{"rendered":"<div id=\"fb-root\"><\/div>\n<p><i>2018 \/ 100' \/ \u666e\u901a\u8bdd\u3001\u82f1\u8bed \/ \u539f\u58f0\u6cd5\u8bed\u5b57\u5e55 \/ \u5267\u60c5<\/i><\/p>\n<p><i>\u83b7\u5f97\u6cd5\u56fd\u5357\u7279\u4e09\u5927\u6d32\u7535\u5f71\u8282 \u201c\u94f6\u6c14\u7403\u5956\u201d<\/i><\/p>\n<p><i>\u5165\u9009\u5a01\u5c3c\u65af\u56fd\u9645\u7535\u5f71\u8282\u201c\u5a01\u5c3c\u65af\u65e5\u201d \u5355\u5143<\/i><\/p>\n<p><i>\u63d0\u540d\u5e73\u9065\u56fd\u9645\u7535\u5f71\u5c55\u4e2d\u56fd\u65b0\u58f0\u4ee3\u5355\u5143\u6700\u53d7\u6b22\u8fce\u5f71\u7247<\/i><\/p>\n<p><iframe loading=\"lazy\" src=\"https:\/\/www.youtube-nocookie.com\/embed\/lyUrwu7iiC0\" width=\"560\" height=\"315\" frameborder=\"0\" allowfullscreen=\"allowfullscreen\"><\/iframe><\/p>\n<p>\u4e2d\u56fd\u5973\u5b69\u590f\u661f\u6eaa\uff08\u8bb8\u82b3\u94f1\u9970\uff09\u72ec\u81ea\u6765\u5230\u9a6c\u6765\u897f\u4e9a\u5317\u90e8\u5c0f\u57ce\u4e9a\u7f57\u58eb\u6253\uff08Alor Setar\uff09\uff0c\u56e0\u4e3a\u81ea\u884c\u8f66\u7206\u80ce\uff0c\u5979\u7ecf\u5386\u4e86\u4e09\u6bb5\u622a\u7136\u4e0d\u540c\u7684\u5947\u9047\uff0c\u5148\u540e\u9047\u5230\u4e86\u672c\u5730\u5973\u5b69\u7231\u73b2\uff08\u9ec4\u82e5\u7199\u9970\uff09\uff0c\u4e09\u4e2a\u95f2\u6c49\uff0c\u4ee5\u53ca\u4f5c\u5bb6\u76ae\u57c3\u5c14\uff08\u5e15\u65af\u5361\u5c14\u00b7\u683c\u96f7\u6208\u91cc\u9970\uff09\u3002\u5979\u7528\u4e0d\u540c\u7684\u8eab\u4efd\u5411\u4eba\u4eec\u4ecb\u7ecd\u7740\u81ea\u5df1\uff0c\u4eff\u4f5b\u6709\u4e0d\u53ef\u8a00\u660e\u7684\u79d8\u5bc6\u3002\u800c\u65c5\u7a0b\u5e26\u7ed9\u5979\u7684\uff0c\u4e5f\u662f\u59cb\u6599\u672a\u53ca\u7684\u4f53\u9a8c\u3002<\/p>\n<blockquote><p>\u4f5c\u4e3a\u5bfc\u6f14\u7af9\u539f\u6e05\u7684\u7b2c\u4e00\u90e8\u5267\u60c5\u957f\u7247\uff0c\u661f\u6eaa\u7684\u4e09\u6b21\u5947\u9047\u901a\u8fc7\u4e09\u6bb5\u4ea4\u66ff\u7684\u5947\u9047\u63a2\u7d22\u4e3b\u4eba\u516c\u661f\u6eaa\u7684\u81ea\u6211\u8eab\u4efd\u8ba4\u540c\u3002\u5bfc\u6f14\u6df1\u53d7\u4faf\u9ea6\u7684\u5f71\u54cd\uff0c\u800c\u4faf\u9ea6\u5f71\u7247\u7684\u7537\u4e3b\u89d2\u4e4b\u4e00Pascal Greggory\u4e5f\u53c2\u4e0e\u6f14\u51fa\u3002<\/p><\/blockquote>\n<div class=\"agenda\">\u573a\u6b21\uff1a<br \/>\n<b>- Studio des Ursulines 03.01 20h<\/b><br \/>\n<b>- Mac Mahon 03.08 18h<\/b><\/div>","protected":false},"excerpt":{"rendered":"<p>2018 \/ 100\u2019 \/ Mandarin, Anglais \/ VOSTF \/ Drame Montgolfi\u00e8re d\u2019argent au Festival des 3 Continents de Nantes S\u00e9lectionn\u00e9 dans le cadre des &#8220;Venice Days&#8221; au Festival International du Film de Venise Nomm\u00e9 au Festival International du Film Crouching Tiger Hidden Dragon de Pingyao dans la cat\u00e9gorie Best Film &#8211; New Generation China Brooke &hellip; <\/p>\n<p class=\"link-more\"><a href=\"https:\/\/www.allersretoursasso.fr\/zh\/films\/trois-aventures-brooke-%e6%98%9f%e6%ba%aa%e7%9a%84%e4%b8%89%e6%ac%a1%e5%a5%87%e9%81%87-yuan-qing-%e7%ab%b9%e5%8e%9f%e9%9d%92\/\" class=\"more-link\">\u7ee7\u7eed\u9605\u8bfb<span class=\"screen-reader-text\">\u201c<span style=\"font-size: 120%;\"><i>\u300a\u661f\u6eaa\u7684\u4e09\u6b21\u5947\u9047\u300b<\/i><\/span><br \/>\u661f\u6eaa\u7684\u4e09\u6b21\u5947\u9047<br \/>Yuan Qing<br \/>\u7af9\u539f\u9752\u201d<\/span><\/a><\/p>","protected":false},"featured_media":526,"comment_status":"open","ping_status":"closed","template":"","meta":[],"_links":{"self":[{"href":"https:\/\/www.allersretoursasso.fr\/zh\/wp-json\/wp\/v2\/product\/464"}],"collection":[{"href":"https:\/\/www.allersretoursasso.fr\/zh\/wp-json\/wp\/v2\/product"}],"about":[{"href":"https:\/\/www.allersretoursasso.fr\/zh\/wp-json\/wp\/v2\/types\/product"}],"replies":[{"embeddable":true,"href":"https:\/\/www.allersretoursasso.fr\/zh\/wp-json\/wp\/v2\/comments?post=464"}],"wp:featuredmedia":[{"embeddable":true,"href":"https:\/\/www.allersretoursasso.fr\/zh\/wp-json\/wp\/v2\/media\/526"}],"wp:attachment":[{"href":"https:\/\/www.allersretoursasso.fr\/zh\/wp-json\/wp\/v2\/media?parent=464"}],"curies":[{"name":"wp","href":"https:\/\/api.w.org\/{rel}","templated":true}]}}