{"id":465,"date":"2019-01-18T23:24:40","date_gmt":"2019-01-18T22:24:40","guid":{"rendered":"https:\/\/www.allersretoursasso.fr\/?post_type=product&#038;p=465"},"modified":"2019-11-03T11:48:35","modified_gmt":"2019-11-03T10:48:35","slug":"gentle-night-%e5%b0%8f%e5%9f%8e%e4%ba%8c%e6%9c%88-qiu-yang-%e9%82%b1%e9%98%b3","status":"publish","type":"product","link":"https:\/\/www.allersretoursasso.fr\/zh\/films\/gentle-night-%e5%b0%8f%e5%9f%8e%e4%ba%8c%e6%9c%88-qiu-yang-%e9%82%b1%e9%98%b3\/","title":{"rendered":"<span style=\"font-size: 120%;\"><i>A Gentle Night<\/i><\/span><br>\u5c0f\u57ce\u4e8c\u6708<br>QIU Yang<br>\u90b1\u9633"},"content":{"rendered":"<div id=\"fb-root\"><\/div>\n<p><i>2017 \/ 15\u2018 \/ \u666e\u901a\u8bdd \/ \u539f\u58f0\u6cd5\u8bed\u5b57\u5e55 \/ \u5267\u60c5\u77ed\u7247<\/i><\/p>\n<p><i>\u83b7\u5f972017\u5e74\u621b\u7eb3\u56fd\u9645\u7535\u5f71\u8282\u77ed\u7247\u91d1\u68d5\u6988\u5956<\/i><\/p>\n<p><iframe loading=\"lazy\" src=\"https:\/\/www.youtube-nocookie.com\/embed\/pA_uZKLBWMc\" width=\"560\" height=\"315\" frameborder=\"0\" allowfullscreen=\"allowfullscreen\"><\/iframe><\/p>\n<p>\u5728\u4e00\u5ea7\u65e0\u540d\u4e2d\u56fd\u5c0f\u57ce\uff0c\u4e00\u4f4d\u6bcd\u4eb2\u7684\u5973\u513f\u7a81\u7136\u5931\u8e2a\uff0c\u5973\u5b69\u7684\u7236\u6bcd\u5411\u8b66\u5bdf\u5bfb\u6c42\u5e2e\u52a9\u3002\u5728\u4e86\u89e3\u60c5\u51b5\u540e\u8b66\u5bdf\u8ba4\u4e3a\u8fd9\u53ea\u662f\u513f\u620f\u7684\u79bb\u5bb6\u51fa\u8d70\uff0c\u4e8e\u662f\u7236\u4eb2\u5e76\u4e0d\u518d\u7275\u6302\u3002\u800c\u6bcd\u4eb2\u7684\u62c5\u5fc3\u4e0e\u5fe7\u8651\u5374\u968f\u7740\u591c\u8272\u7684\u52a0\u6df1\u6709\u589e\u65e0\u51cf\u3002\u5979\u5728\u5348\u591c\u72ec\u81ea\u79bb\u5bb6\uff0c\u4e0d\u613f\u5c31\u8fd9\u6837\u5b89\u7136\u7684\u5ea6\u8fc7\u8fd9\u826f\u591c\u3002<\/p>\n<blockquote><p>\u4f5c\u4e3a\u7b2c\u4e00\u90e8\u83b7\u5f97\u77ed\u7247\u91d1\u68d5\u6988\u8363\u8a89\u7684\u4e2d\u56fd\u5f71\u7247\uff0c\u5c0f\u57ce\u4e8c\u6708\u7528\u6210\u719f\u7684\u8fd0\u955c\u8425\u9020\u538b\u6291\u5185\u6d8c\u7684\u6c14\u6c1b\uff0c\u8bb2\u8ff0\u4e00\u4f4d\u6bcd\u4eb2\u6df1\u591c\u5bfb\u627e\u5b69\u5b50\u7684\u6545\u4e8b\u3002 <i>A Gentle Night<\/i> raconte l&#8217;histoire simple et poignante d\u2019une m\u00e8re partie seule dans la nuit \u00e0 la recherche de son enfant disparu.<\/p><\/blockquote>\n<p><strong>\u66f4\u591a\u94fe\u63a5\uff1a<\/strong><\/p>\n<p><a href=\"http:\/\/www.chinesemovies.com.fr\/cineastes_Qiu_Yang.htm\"><strong>Chinesemovies\u5173\u4e8e\u5bfc\u6f14\u90b1\u9633\u4ecb\u7ecd<\/strong><\/a><\/p>\n<div class=\"agenda\">\u77ed\u7247\u573a\uff1a<br \/>\n<b>- Studio des Ursulines 03.01 18h30<\/b><br \/>\n<b>- Mac Mahon 03.10 18h<\/b><\/div>","protected":false},"excerpt":{"rendered":"<p>2017 \/ 15\u2019 \/ Mandarin \/ VOSTF \/ Drame Palme d\u2019or du court-m\u00e9trage au festival de Cannes 2017 Dans la nuit d\u2019une petite ville, une m\u00e8re part \u00e0 la recherche de sa fille disparue. Premier court-m\u00e9trage chinois \u00e0 remporter la Palme d\u2019or dans sa cat\u00e9gorie, A Gentle Night raconte l&#8217;histoire simple et poignante d\u2019une m\u00e8re &hellip; <\/p>\n<p class=\"link-more\"><a href=\"https:\/\/www.allersretoursasso.fr\/zh\/films\/gentle-night-%e5%b0%8f%e5%9f%8e%e4%ba%8c%e6%9c%88-qiu-yang-%e9%82%b1%e9%98%b3\/\" class=\"more-link\">\u7ee7\u7eed\u9605\u8bfb<span class=\"screen-reader-text\">\u201c<span style=\"font-size: 120%;\"><i>A Gentle Night<\/i><\/span><br \/>\u5c0f\u57ce\u4e8c\u6708<br \/>QIU Yang<br \/>\u90b1\u9633\u201d<\/span><\/a><\/p>","protected":false},"featured_media":466,"comment_status":"open","ping_status":"closed","template":"","meta":[],"_links":{"self":[{"href":"https:\/\/www.allersretoursasso.fr\/zh\/wp-json\/wp\/v2\/product\/465"}],"collection":[{"href":"https:\/\/www.allersretoursasso.fr\/zh\/wp-json\/wp\/v2\/product"}],"about":[{"href":"https:\/\/www.allersretoursasso.fr\/zh\/wp-json\/wp\/v2\/types\/product"}],"replies":[{"embeddable":true,"href":"https:\/\/www.allersretoursasso.fr\/zh\/wp-json\/wp\/v2\/comments?post=465"}],"wp:featuredmedia":[{"embeddable":true,"href":"https:\/\/www.allersretoursasso.fr\/zh\/wp-json\/wp\/v2\/media\/466"}],"wp:attachment":[{"href":"https:\/\/www.allersretoursasso.fr\/zh\/wp-json\/wp\/v2\/media?parent=465"}],"curies":[{"name":"wp","href":"https:\/\/api.w.org\/{rel}","templated":true}]}}