{"id":522,"date":"2019-02-07T10:07:41","date_gmt":"2019-02-07T09:07:41","guid":{"rendered":"https:\/\/www.allersretoursasso.fr\/?post_type=product&#038;p=522"},"modified":"2019-11-03T11:47:43","modified_gmt":"2019-11-03T10:47:43","slug":"on-the-border-%e5%bb%b6%e8%be%b9%e5%b0%91%e5%b9%b4-wei-shujun-%e9%ad%8f%e4%b9%a6%e9%92%a7","status":"publish","type":"product","link":"https:\/\/www.allersretoursasso.fr\/zh\/films\/on-the-border-%e5%bb%b6%e8%be%b9%e5%b0%91%e5%b9%b4-wei-shujun-%e9%ad%8f%e4%b9%a6%e9%92%a7\/","title":{"rendered":"<span style=\"font-size: 120%;\"><i>On the Border<\/i><\/span><br>\u5ef6\u8fb9\u5c11\u5e74<br>WEI Shujun<br>\u9b4f\u4e66\u94a7"},"content":{"rendered":"<div id=\"fb-root\"><\/div>\n<p><i>2018 \/ 15\u2019 \/ \u666e\u901a\u8bdd\u3001\u97e9\u8bed \/ \u539f\u58f0\u6cd5\u8bed\u5b57\u5e55 \/\u5267\u60c5\u77ed\u7247<\/i><\/p>\n<p><i>\u83b7\u5f972018\u5e74\u621b\u7eb3\u56fd\u9645\u7535\u5f71\u8282\u77ed\u7247\u8bc4\u5ba1\u56e2\u7279\u522b\u63d0\u53ca\u5956<\/i><\/p>\n<p><iframe loading=\"lazy\" src=\"https:\/\/www.youtube-nocookie.com\/embed\/VBSvQsPfFOY\" width=\"560\" height=\"315\" frameborder=\"0\" allowfullscreen=\"allowfullscreen\"><\/iframe><\/p>\n<p>\u671d\u9c9c\u65cf\u5c11\u5e74\u6e34\u671b\u7a7f\u8d8a\u8fb9\u5883\uff0c\u5230\u4e00\u5fc3\u61a7\u61ac\u7684\u5357\u97e9\u53bb\u2014\u5bf9\u5355\u7eaf\u7684\u9752\u5c11\u5e74\u6765\u8bf4\uff0c\u8fd9\u4e2a\u56fd\u5ea6\u65e2\u662f\u4ed6\u8a00\u8bed\u6587\u5316\u7684\u6545\u91cc\uff0c\u53c8\u662f\u7eb8\u9189\u91d1\u8ff7\u7684\u65b0\u4e16\u754c\u3002<\/p>\n<blockquote><p><i>On the Border<\/i> esquisse en quelques traits et 15 petites minutes bien senties l\u2019horizon et les aspirations de la jeunesse dans une tranche de vie adolescente tout en sobri\u00e9t\u00e9.<\/p><\/blockquote>\n<div class=\"agenda\">\u77ed\u7247\u573a\uff1a<br \/>\n<b>- Studio des Ursulines 03.01 18h30<\/b><br \/>\n<b>- Mac Mahon 03.10 18h<\/b><\/div>","protected":false},"excerpt":{"rendered":"<p>2018 \/ 15\u2019 \/ Mandarin, Cor\u00e9en \/ VOSTF \/ Drame Mention sp\u00e9ciale du jury &#8220;courts en comp\u00e9tition&#8221; au festival de Cannes 2018 Un jeune Chinois appartenant \u00e0 la minorit\u00e9 cor\u00e9enne r\u00eave de traverser la fronti\u00e8re et de rejoindre la Cor\u00e9e du Sud, patrie fantasm\u00e9e. On the Border esquisse en quelques traits et 15 petites minutes &hellip; <\/p>\n<p class=\"link-more\"><a href=\"https:\/\/www.allersretoursasso.fr\/zh\/films\/on-the-border-%e5%bb%b6%e8%be%b9%e5%b0%91%e5%b9%b4-wei-shujun-%e9%ad%8f%e4%b9%a6%e9%92%a7\/\" class=\"more-link\">\u7ee7\u7eed\u9605\u8bfb<span class=\"screen-reader-text\">\u201c<span style=\"font-size: 120%;\"><i>On the Border<\/i><\/span><br \/>\u5ef6\u8fb9\u5c11\u5e74<br \/>WEI Shujun<br \/>\u9b4f\u4e66\u94a7\u201d<\/span><\/a><\/p>","protected":false},"featured_media":467,"comment_status":"open","ping_status":"closed","template":"","meta":[],"_links":{"self":[{"href":"https:\/\/www.allersretoursasso.fr\/zh\/wp-json\/wp\/v2\/product\/522"}],"collection":[{"href":"https:\/\/www.allersretoursasso.fr\/zh\/wp-json\/wp\/v2\/product"}],"about":[{"href":"https:\/\/www.allersretoursasso.fr\/zh\/wp-json\/wp\/v2\/types\/product"}],"replies":[{"embeddable":true,"href":"https:\/\/www.allersretoursasso.fr\/zh\/wp-json\/wp\/v2\/comments?post=522"}],"wp:featuredmedia":[{"embeddable":true,"href":"https:\/\/www.allersretoursasso.fr\/zh\/wp-json\/wp\/v2\/media\/467"}],"wp:attachment":[{"href":"https:\/\/www.allersretoursasso.fr\/zh\/wp-json\/wp\/v2\/media?parent=522"}],"curies":[{"name":"wp","href":"https:\/\/api.w.org\/{rel}","templated":true}]}}