{"id":523,"date":"2019-02-07T10:26:13","date_gmt":"2019-02-07T09:26:13","guid":{"rendered":"https:\/\/www.allersretoursasso.fr\/?post_type=product&#038;p=523"},"modified":"2019-11-03T11:47:24","modified_gmt":"2019-11-03T10:47:24","slug":"down-there-%e9%82%a3%e9%87%8c-yang-zhengfan-%e6%9d%a8%e6%ad%a3%e5%b8%86","status":"publish","type":"product","link":"https:\/\/www.allersretoursasso.fr\/zh\/films\/down-there-%e9%82%a3%e9%87%8c-yang-zhengfan-%e6%9d%a8%e6%ad%a3%e5%b8%86\/","title":{"rendered":"<span style=\"font-size: 120%;\"><i>Down There<\/i><\/span><br>\u90a3\u91cc<br>YANG Zhengfan<br>\u6768\u6b63\u5e06"},"content":{"rendered":"<div id=\"fb-root\"><\/div>\n<p><i>2018 \/ 11\u2019 \/ \u666e\u901a\u8bdd \/ \u539f\u58f0\u6cd5\u8bed\u5b57\u5e55 \/ \u5b9e\u9a8c\u77ed\u7247<\/i><\/p>\n<p><i>\u5165\u56f42018\u5e74\u5a01\u5c3c\u65af\u56fd\u9645\u7535\u5f71\u8282\u5730\u5e73\u7ebf\u5355\u5143 <\/i><\/p>\n<p><iframe loading=\"lazy\" src=\"https:\/\/www.youtube-nocookie.com\/embed\/eHK4dyT9ukU\" width=\"560\" height=\"315\" frameborder=\"0\" allowfullscreen=\"allowfullscreen\"><\/iframe><\/p>\n<p>\u5c16\u53eb\u58f0\u6253\u7834\u4e86\u4e00\u680b\u516c\u5bd3\u7684\u5bc2\u9759\uff0c\u4e00\u7247\u6f06\u9ed1\uff0c\u5c45\u6c11\u4eec\u5f88\u96be\u770b\u6e05\u53d1\u751f\u4e86\u4ec0\u4e48\uff0c\u63a5\u4e0b\u6765\u8be5\u600e\u4e48\u505a\uff1f<\/p>\n<blockquote><p>\u4ece\u5bf9\u9762\u5927\u697c\u7684\u89c6\u89d2\u62cd\u6444\u8bb0\u5f55\u4e86\u5c45\u6c11\u4eec\u72b9\u8c6b\u800c\u4e0d\u660e\u6717\u7684\u53cd\u5e94\u3002\u8fd9\u662f\u4e00\u90e8\u5173\u4e8e\u51b7\u6f20\u7684\u5b9e\u9a8c\u77ed\u7247\uff0c\u4e0e\u5927\u4f17\u65e5\u5e38\u7ecf\u5386\u4ea7\u751f\u5171\u9e23\u3002<\/p><\/blockquote>\n<p><strong>\u66f4\u591a\u94fe\u63a5\uff1a<\/strong><\/p>\n<p><a href=\"http:\/\/www.chinesemovies.com.fr\/cineastes_Yang_Zhengfan.htm\"><b>Chinesemovies\u5173\u4e8e\u5bfc\u6f14\u6768\u6b63\u5e06\u4ecb\u7ecd<\/b><\/a><\/p>\n<div class=\"agenda\">\u77ed\u7247\u573a\uff1a<br \/>\n<b>- Studio des Ursulines 03.01 18h30<\/b><br \/>\n<b>- Mac Mahon 03.10 18h<\/b><\/div>","protected":false},"excerpt":{"rendered":"<p>2018 \/ 11\u2019 \/ Mandarin \/ VOSTF \/ Exp\u00e9rimental Nomm\u00e9 pour le meilleur court-m\u00e9trage au Festival International du Film de Venise 2018 Des cris troublent la tranquillit\u00e9 des habitants d\u2019un grand immeuble r\u00e9sidentiel. Il fait nuit noire, impossible de voir ce qu\u2019il se passe, que faire ? Les r\u00e9actions des habitants d\u2019un immeuble \u00e0 une &hellip; <\/p>\n<p class=\"link-more\"><a href=\"https:\/\/www.allersretoursasso.fr\/zh\/films\/down-there-%e9%82%a3%e9%87%8c-yang-zhengfan-%e6%9d%a8%e6%ad%a3%e5%b8%86\/\" class=\"more-link\">\u7ee7\u7eed\u9605\u8bfb<span class=\"screen-reader-text\">\u201c<span style=\"font-size: 120%;\"><i>Down There<\/i><\/span><br \/>\u90a3\u91cc<br \/>YANG Zhengfan<br \/>\u6768\u6b63\u5e06\u201d<\/span><\/a><\/p>","protected":false},"featured_media":468,"comment_status":"open","ping_status":"closed","template":"","meta":[],"_links":{"self":[{"href":"https:\/\/www.allersretoursasso.fr\/zh\/wp-json\/wp\/v2\/product\/523"}],"collection":[{"href":"https:\/\/www.allersretoursasso.fr\/zh\/wp-json\/wp\/v2\/product"}],"about":[{"href":"https:\/\/www.allersretoursasso.fr\/zh\/wp-json\/wp\/v2\/types\/product"}],"replies":[{"embeddable":true,"href":"https:\/\/www.allersretoursasso.fr\/zh\/wp-json\/wp\/v2\/comments?post=523"}],"wp:featuredmedia":[{"embeddable":true,"href":"https:\/\/www.allersretoursasso.fr\/zh\/wp-json\/wp\/v2\/media\/468"}],"wp:attachment":[{"href":"https:\/\/www.allersretoursasso.fr\/zh\/wp-json\/wp\/v2\/media?parent=523"}],"curies":[{"name":"wp","href":"https:\/\/api.w.org\/{rel}","templated":true}]}}