{"id":524,"date":"2019-02-07T10:31:05","date_gmt":"2019-02-07T09:31:05","guid":{"rendered":"https:\/\/www.allersretoursasso.fr\/?post_type=product&#038;p=524"},"modified":"2019-11-03T11:47:05","modified_gmt":"2019-11-03T10:47:05","slug":"chronicle-of-a-durian-%e6%a6%b4%e8%8e%b2%e6%a6%b4%e8%8e%b2-yang-xiao-%e6%9d%a8%e6%bd%87","status":"publish","type":"product","link":"https:\/\/www.allersretoursasso.fr\/zh\/films\/chronicle-of-a-durian-%e6%a6%b4%e8%8e%b2%e6%a6%b4%e8%8e%b2-yang-xiao-%e6%9d%a8%e6%bd%87\/","title":{"rendered":"<span style=\"font-size: 120%;\"><i>Chronicle of a Durian<\/i><\/span><br>\u69b4\u83b2\u69b4\u83b2<br>YANG Xiao<br>\u6768\u6f47"},"content":{"rendered":"<div id=\"fb-root\"><\/div>\n<p><i>2017 \/ 18\u2019 \/ \u666e\u901a\u8bdd\/ \u539f\u58f0\u6cd5\u8bed\u5b57\u5e55 \/ \u5267\u60c5\u77ed\u7247<\/i><\/p>\n<p><i>\u63d0\u540d\u7b2c22\u5c4a\u91dc\u5c71\u56fd\u9645\u7535\u5f71\u8282\u6700\u4f73\u77ed\u7247\uff1b<\/i><br \/>\n<i>\u63d0\u540d\u7b2c12\u5c4aFIRST\u56fd\u9645\u7535\u5f71\u8282\u6700\u4f73\u77ed\u7247<\/i><\/p>\n<p><iframe loading=\"lazy\" src=\"https:\/\/www.youtube-nocookie.com\/embed\/eJZfRF0_vsQ\" width=\"560\" height=\"315\" frameborder=\"0\" allowfullscreen=\"allowfullscreen\"><\/iframe><\/p>\n<p>\u4e00\u4e2a\u96e8\u5929\u7684\u65e5\u4e0e\u591c\uff1a\u767d\u5929\uff0c\u521a\u610e\u81ea\u7528\u7684\u4e2d\u5e74\u4eba\u5f20\u65b0\u8ba4\u8bc6\u4e86\u5973\u5b69\u80fd\u80fd\uff0c\u867d\u521d\u6b21\u76f8\u8bc6\uff0c\u4e24\u4eba\u5374\u5f62\u6210\u4e86\u6781\u9ad8\u7684\u9ed8\u5951\uff1b\u665a\u4e0a\uff0c\u5f20\u65b0\u5192\u96e8\u524d\u5f80\u4e86\u4e45\u672a\u8054\u7cfb\u7684\u524d\u59bb\u7684\u65b0\u5bb6\uff0c\u8bd5\u56fe\u633d\u56de\u8fd9\u4e2a\u53bb\u610f\u5df2\u51b3\u7684\u5973\u4eba\u2026\u2026<\/p>\n<blockquote><p>\u5f71\u7247\u52fe\u52d2\u51fa\u4e86\u4e24\u6027\u95f4\u7684\u590d\u6742\u6027\uff0c\u89c6\u89c9\u4e0a\u7ed3\u5408\u4e86\u6c34\u548c\u69b4\u83b2\u7684\u4e3b\u9898\u3002\u69b4\u83b2\uff0c\u4e00\u79cd\u5176\u8c8c\u4e0d\u626c\u6c14\u5473\u6b20\u4f73\u4f46\u679c\u8089\u5374\u4ee5\u7f8e\u5473\u8fdc\u8fd1\u95fb\u540d\u7684\u6c34\u679c\u3002<\/p><\/blockquote>\n<div class=\"agenda\">\u77ed\u7247\u573a\uff1a<br \/>\n<b>- Studio des Ursulines 03.01 18h30<\/b><br \/>\n<b>- Mac Mahon 03.10 18h<\/b><\/div>","protected":false},"excerpt":{"rendered":"<p>2017 \/ 18\u2019 \/ Mandarin \/ VOSTF \/ Romantique Nomm\u00e9 pour le meilleur court-m\u00e9trage au Festival international du Film de Busan Nomm\u00e9 pour le meilleur court-m\u00e9trage au Festival FIRST Au cours d\u2019une journ\u00e9e pluvieuse, Zhang Xin croise le chemin de la jeune Neng Neng, avant de se rendre chez son ex-\u00e9pouse, Lulu. Une \u00e9vocation de &hellip; <\/p>\n<p class=\"link-more\"><a href=\"https:\/\/www.allersretoursasso.fr\/zh\/films\/chronicle-of-a-durian-%e6%a6%b4%e8%8e%b2%e6%a6%b4%e8%8e%b2-yang-xiao-%e6%9d%a8%e6%bd%87\/\" class=\"more-link\">\u7ee7\u7eed\u9605\u8bfb<span class=\"screen-reader-text\">\u201c<span style=\"font-size: 120%;\"><i>Chronicle of a Durian<\/i><\/span><br \/>\u69b4\u83b2\u69b4\u83b2<br \/>YANG Xiao<br \/>\u6768\u6f47\u201d<\/span><\/a><\/p>","protected":false},"featured_media":469,"comment_status":"open","ping_status":"closed","template":"","meta":[],"_links":{"self":[{"href":"https:\/\/www.allersretoursasso.fr\/zh\/wp-json\/wp\/v2\/product\/524"}],"collection":[{"href":"https:\/\/www.allersretoursasso.fr\/zh\/wp-json\/wp\/v2\/product"}],"about":[{"href":"https:\/\/www.allersretoursasso.fr\/zh\/wp-json\/wp\/v2\/types\/product"}],"replies":[{"embeddable":true,"href":"https:\/\/www.allersretoursasso.fr\/zh\/wp-json\/wp\/v2\/comments?post=524"}],"wp:featuredmedia":[{"embeddable":true,"href":"https:\/\/www.allersretoursasso.fr\/zh\/wp-json\/wp\/v2\/media\/469"}],"wp:attachment":[{"href":"https:\/\/www.allersretoursasso.fr\/zh\/wp-json\/wp\/v2\/media?parent=524"}],"curies":[{"name":"wp","href":"https:\/\/api.w.org\/{rel}","templated":true}]}}