{"id":537,"date":"2019-02-10T21:28:33","date_gmt":"2019-02-10T20:28:33","guid":{"rendered":"https:\/\/www.allersretoursasso.fr\/?post_type=product&#038;p=537"},"modified":"2019-11-03T11:46:43","modified_gmt":"2019-11-03T10:46:43","slug":"splash-%e6%b0%b4%e8%8a%b1-shen-jie-%e6%b2%88%e6%9d%b0","status":"publish","type":"product","link":"https:\/\/www.allersretoursasso.fr\/zh\/films\/splash-%e6%b0%b4%e8%8a%b1-shen-jie-%e6%b2%88%e6%9d%b0\/","title":{"rendered":"<span style=\"font-size: 120%;\"><i>Splash<\/i><\/span><br>\u6c34\u82b1<br>SHEN Jie<br>\u6c88\u6770"},"content":{"rendered":"<div id=\"fb-root\"><\/div>\n<p><i>2019 \/ 9\u2019 \/ \u65e0\u5bf9\u767d \/ \u52a8\u753b<\/i><\/p>\n<p><i>\u5165\u56f4\u7b2c69\u5c4a\u67cf\u6797\u56fd\u9645\u7535\u5f71\u8282\u77ed\u7247\u7ade\u8d5b\u5355\u5143<\/i><\/p>\n<p><iframe loading=\"lazy\" src=\"https:\/\/www.youtube-nocookie.com\/embed\/qQYW4Xf9r_0\" width=\"560\" height=\"315\" frameborder=\"0\" allowfullscreen=\"allowfullscreen\"><\/iframe><\/p>\n<p>\u5e73\u9759\u7684\u6cf3\u6c60\uff0c\u56e0\u4e00\u540d\u4e0d\u5bfb\u5e38\u7684\u8df3\u6c34\u8005\u6380\u8d77\u6ce2\u6f9c\u2026\u2026<\/p>\n<blockquote><p>\u672c\u7247\u4ee5\u5176\u98ce\u683c\u5f62\u5f0f\u5411\u827a\u672f\u5bb6\u5927\u536b\u00b7\u970d\u514b\u5c3c\uff08David Hockney\uff09\u81f4\u656c\u3002\u526a\u8f91\u5145\u6ee1\u5f3a\u70c8\u7684\u4e8b\u4ef6\u8282\u594f\u611f\uff0c\u5185\u5bb9\u7075\u611f\u5219\u6765\u81ea\u4e00\u5e45\u6b8b\u969c\u5965\u8fd0\u6e38\u6cf3\u6bd4\u8d5b\u7684\u6444\u5f71\u4e2d\uff0c\u4e00\u540d\u6ca1\u6709\u53cc\u81c2\u7684\u8fd0\u52a8\u5458\u53e3\u54ac\u6bdb\u5dfe\uff0c\u51c6\u5907\u8dc3\u4e0b\u8d77\u70b9\u7ebf\u7684\u573a\u666f\u3002<\/p><\/blockquote>\n<div class=\"agenda\">\u77ed\u7247\u573a\uff1a<br \/>\n<b>- Studio des Ursulines 03.01 18h30<\/b><br \/>\n<b>- Mac Mahon 03.10 18h<\/b><\/div>","protected":false},"excerpt":{"rendered":"<p>2019 \/ 9\u2019 \/ sans parole \/ Animation Nomm\u00e9 pour le meilleur court-m\u00e9trage au Festival International du Film de Berlin La tranquillit\u00e9 de la piscine est troubl\u00e9e par le plongeon d\u2019un nageur atypique. Hommage \u00e0 David Hockney sur la forme, Splash est inspir\u00e9 par une photo des jeux paralympiques montrant un nageur sans bras mordant &hellip; <\/p>\n<p class=\"link-more\"><a href=\"https:\/\/www.allersretoursasso.fr\/zh\/films\/splash-%e6%b0%b4%e8%8a%b1-shen-jie-%e6%b2%88%e6%9d%b0\/\" class=\"more-link\">\u7ee7\u7eed\u9605\u8bfb<span class=\"screen-reader-text\">\u201c<span style=\"font-size: 120%;\"><i>Splash<\/i><\/span><br \/>\u6c34\u82b1<br \/>SHEN Jie<br \/>\u6c88\u6770\u201d<\/span><\/a><\/p>","protected":false},"featured_media":538,"comment_status":"open","ping_status":"closed","template":"","meta":[],"_links":{"self":[{"href":"https:\/\/www.allersretoursasso.fr\/zh\/wp-json\/wp\/v2\/product\/537"}],"collection":[{"href":"https:\/\/www.allersretoursasso.fr\/zh\/wp-json\/wp\/v2\/product"}],"about":[{"href":"https:\/\/www.allersretoursasso.fr\/zh\/wp-json\/wp\/v2\/types\/product"}],"replies":[{"embeddable":true,"href":"https:\/\/www.allersretoursasso.fr\/zh\/wp-json\/wp\/v2\/comments?post=537"}],"wp:featuredmedia":[{"embeddable":true,"href":"https:\/\/www.allersretoursasso.fr\/zh\/wp-json\/wp\/v2\/media\/538"}],"wp:attachment":[{"href":"https:\/\/www.allersretoursasso.fr\/zh\/wp-json\/wp\/v2\/media?parent=537"}],"curies":[{"name":"wp","href":"https:\/\/api.w.org\/{rel}","templated":true}]}}