{"id":573,"date":"2019-02-12T23:17:21","date_gmt":"2019-02-12T22:17:21","guid":{"rendered":"https:\/\/www.allersretoursasso.fr\/?post_type=product&#038;p=573"},"modified":"2019-11-03T11:46:13","modified_gmt":"2019-11-03T10:46:13","slug":"man-in-the-well-%e4%ba%95%e9%87%8c%e7%9a%84%e4%ba%ba-hu-bo-%e8%83%a1%e6%b3%a2","status":"publish","type":"product","link":"https:\/\/www.allersretoursasso.fr\/zh\/films\/man-in-the-well-%e4%ba%95%e9%87%8c%e7%9a%84%e4%ba%ba-hu-bo-%e8%83%a1%e6%b3%a2\/","title":{"rendered":"<span style=\"font-size: 120%;\"><i>Man in the Well<\/i><\/span><br>\u4e95\u91cc\u7684\u4eba<br>HU Bo<br>\u80e1\u6ce2"},"content":{"rendered":"<div id=\"fb-root\"><\/div>\n<p><i>2017 \/ 16\u2019 \/ \u666e\u901a\u8bdd \/ \u539f\u58f0\u6cd5\u8bed\u5b57\u5e55 \/ \u5267\u60c5<\/i><\/p>\n<p><i>\u5165\u56f4\u7b2c71\u5c4a\u6d1b\u8fe6\u8bfa\u56fd\u9645\u7535\u5f71\u8282\u751f\u547d\u8ff9\u8c61\u5355\u5143<\/i><\/p>\n<p>\u7a7f\u7740\u96e8\u8863\u7684\u5b69\u5b50\u5728\u672b\u4e16\u5e9f\u589f\u6e38\u8361\uff0c\u56db\u5904\u5bfb\u627e\u98df\u7269\uff0c\u7ee7\u800c\u53d1\u73b0\u4e86\u4e00\u5177\u5c38\u4f53\u3002\u4ed6\u4eec\u6216\u8bb8\u80fd\u6ee1\u8db3\u7ef4\u7cfb\u751f\u547d\u7684\u6e34\u6c42\uff0c\u7136\u800c\u4e34\u5728\u6df1\u6e0a\u524d\uff0c\u5374\u65e0\u6cd5\u89e3\u7b54\u4f55\u8c13\u751f\u6b7b\u3002<\/p>\n<blockquote><p>\u5927\u5e08\u8d1d\u62c9\u5854\u5c14\u4eb2\u81ea\u6307\u5bfc\uff0c\u56e0\u300a\u5927\u8c61\u5e2d\u5730\u800c\u5750\u300b\u8363\u83b7\u91d1\u9a6c\u5956\u7684\u4e2d\u56fd\u9752\u5e74\u5bfc\u6f14\u80e1\u6ce2\u9057\u4f5c\uff0c\u4f5c\u54c1\u5b9b\u82e5\u5fc3\u7075\u63a2\u7d22\uff0c\u5728\u9a87\u4eba\u7684\u6572\u6253\u3001\u5207\u5272\u58f0\u4e2d\uff0c\u53cd\u8986\u53e9\u95ee\u7070\u6697\u4e16\u754c\u7684\u771f\u5b9e\u6837\u8c8c\u3002<\/p><\/blockquote>\n<p><strong>\u66f4\u591a\u94fe\u63a5\uff1a<\/strong><\/p>\n<p><a href=\"http:\/\/www.chinesemovies.com.fr\/cineastes_Hu_Bo.htm\"><strong>Chinesemovies\u5173\u4e8e\u5bfc\u6f14\u80e1\u6ce2\u4ecb\u7ecd<\/strong><\/a><\/p>\n<div class=\"agenda\">\u4efb\u822a\u548c\u80e1\u6ce2\u81f4\u656c\u4e13\u573a\uff1a<br \/>\n<b>- Studio des Ursulines 03.05 19h<\/b><br \/>\n<b>- Mac Mahon 03.09 18h30<\/b><\/div>","protected":false},"excerpt":{"rendered":"<p>2017 \/ 16\u2019 \/ Mandarin \/ VOSTF \/ Apocalyptique S\u00e9lectionn\u00e9 dans la cat\u00e9gorie &#8220;Sign of Life&#8221; au Festival International du Film de Locarno Apocalypse. Deux enfants affam\u00e9s d\u00e9couvrent un cadavre dans des ruines. Court-m\u00e9trage de Hu Bo, qui a mis fin \u00e0 ces jours l&#8217;ann\u00e9e derni\u00e8re. Son long-m\u00e9trage, An Elephant Sitting Still, a remport\u00e9 le &hellip; <\/p>\n<p class=\"link-more\"><a href=\"https:\/\/www.allersretoursasso.fr\/zh\/films\/man-in-the-well-%e4%ba%95%e9%87%8c%e7%9a%84%e4%ba%ba-hu-bo-%e8%83%a1%e6%b3%a2\/\" class=\"more-link\">\u7ee7\u7eed\u9605\u8bfb<span class=\"screen-reader-text\">\u201c<span style=\"font-size: 120%;\"><i>Man in the Well<\/i><\/span><br \/>\u4e95\u91cc\u7684\u4eba<br \/>HU Bo<br \/>\u80e1\u6ce2\u201d<\/span><\/a><\/p>","protected":false},"featured_media":577,"comment_status":"open","ping_status":"closed","template":"","meta":[],"_links":{"self":[{"href":"https:\/\/www.allersretoursasso.fr\/zh\/wp-json\/wp\/v2\/product\/573"}],"collection":[{"href":"https:\/\/www.allersretoursasso.fr\/zh\/wp-json\/wp\/v2\/product"}],"about":[{"href":"https:\/\/www.allersretoursasso.fr\/zh\/wp-json\/wp\/v2\/types\/product"}],"replies":[{"embeddable":true,"href":"https:\/\/www.allersretoursasso.fr\/zh\/wp-json\/wp\/v2\/comments?post=573"}],"wp:featuredmedia":[{"embeddable":true,"href":"https:\/\/www.allersretoursasso.fr\/zh\/wp-json\/wp\/v2\/media\/577"}],"wp:attachment":[{"href":"https:\/\/www.allersretoursasso.fr\/zh\/wp-json\/wp\/v2\/media?parent=573"}],"curies":[{"name":"wp","href":"https:\/\/api.w.org\/{rel}","templated":true}]}}