{"id":901,"date":"2019-12-21T16:07:09","date_gmt":"2019-12-21T15:07:09","guid":{"rendered":"https:\/\/www.allersretoursasso.fr\/?post_type=product&#038;p=901"},"modified":"2019-12-23T21:55:45","modified_gmt":"2019-12-23T20:55:45","slug":"balloon-pema-tseden","status":"publish","type":"product","link":"https:\/\/www.allersretoursasso.fr\/zh\/films\/balloon-pema-tseden\/","title":{"rendered":"<span style=\"font-size: 120%;\"><i>Balloon<\/i><\/span><br>\u6c14\u7403 \u0f51\u0f56\u0f74\u0f42\u0f66\u0f0b\u0f63\u0f92\u0f44\u0f0b<br>Pema Tseden<br>\u4e07\u739b\u624d\u65e6 \u0f54\u0f51\u0f0b\u0f58\u0f0b\u0f5a\u0f7a\u0f0b\u0f56\u0f62\u0f9f\u0f53\u0f0d"},"content":{"rendered":"<div id=\"fb-root\"><\/div>\n<p><em>2019 \/ 102\u2018 \/ \u85cf\u8bed\uff0f\u539f\u58f0\u6cd5\u8bed\u5b57\u5e55\uff0f\u5267\u60c5<\/em><\/p>\n<p><em>\u5165\u56f4\u7b2c76\u5c4a\u5a01\u5c3c\u65af\u7535\u5f71\u8282\u5730\u5e73\u7ebf\u5355\u5143<\/em><\/p>\n<p><em>\u6cd5\u56fd\u9996\u6620<\/em><\/p>\n<p><iframe loading=\"lazy\" width=\"560\" height=\"315\" src=\"https:\/\/www.youtube.com\/embed\/yw9myRmmiAE\" frameborder=\"0\" allow=\"accelerometer; autoplay; encrypted-media; gyroscope; picture-in-picture\" allowfullscreen><\/iframe><\/p>\n<p>\u4e8c\u5341\u4e16\u7eaa\u4e5d\u5341\u5e74\u4ee3\uff0c\u8ba1\u5212\u751f\u80b2\u653f\u7b56\u8f70\u8f70\u70c8\u70c8\u63a8\u884c\u8d2f\u5f7b\u4e4b\u65f6\uff0c\u79cd\u79cd\u539f\u56e0\u4f7f\u5353\u560e\u548c\u4e08\u592b\u8fbe\u6770\u4e4b\u95f4\u51fa\u73b0\u4e0d\u53ef\u534f\u8c03\u7684\u77db\u76fe\uff0c\u540c\u65f6\u5df2\u7ecf\u51fa\u5bb6\u7684\u59b9\u59b9\u5353\u739b\u5c18\u5fc3\u672a\u65ad\uff0c\u9677\u5165\u60c5\u611f\u7ea0\u845b\u3002<\/p>\n<blockquote><p>\u4e07\u739b\u624d\u65e6\u4f5c\u4e3a\u4e00\u4e2a\u897f\u85cf\u5bfc\u6f14\uff0c\u8bb2\u8ff0\u4e86\u4e00\u4e2a\u771f\u5b9e\u7684\u897f\u85cf\u3002\u4ed6\u7684\u51e0\u90e8\u7535\u5f71\uff0c\u76f8\u4e92\u5173\u8054\u53c8\u5404\u6709\u4e0d\u540c\uff0c\u4f46\u603b\u5728\u8bd8\u95ee\u897f\u85cf\u7684\u73b0\u4ee3\u4e0e\u4f20\u7edf\u95f4\u82e5\u5373\u82e5\u79bb\u7684\u8054\u7cfb\u3002\u300a\u6c14\u7403\u300b\u5728\u8fd9\u4e00\u70b9\u4e0a\u5c24\u5176\u51fa\u5f69\uff0c\u901a\u8fc7\u9c9c\u6d3b\u7684\u4eba\u7269\u5448\u73b0\u4e00\u4e2a\u4f20\u7edf\u5bb6\u5ead\u7684\u51b2\u7a81\u548c\u65e0\u6240\u9002\u4ece\u3002<\/p><\/blockquote>\n<div class=\"agenda\">\u573a\u6b21<br \/>\n<b>1\u670825\u65e515:00\uff0c\u5409\u7f8e\u535a\u7269\u9986<\/b><br \/>\n<b>1\u670830\u65e520:40\uff0cStudio des Ursulines\u7535\u5f71\u9662<\/b><\/div>","protected":false},"excerpt":{"rendered":"<p>2019 \/ 102\u2019 \/ Tib\u00e9tain \/ VOSTF \/ Fiction S\u00e9lectionn\u00e9 dans la section Orizzonti du Festival International du Film de Venise Premi\u00e8re Fran\u00e7aise Dans les ann\u00e9es 90, la politique de contr\u00f4le de la natalit\u00e9 bat son plein en Chine. Un concours de circonstances va mettre Drolkar et son mari Dargye face \u00e0 un choix corn\u00e9lien, &hellip; <\/p>\n<p class=\"link-more\"><a href=\"https:\/\/www.allersretoursasso.fr\/zh\/films\/balloon-pema-tseden\/\" class=\"more-link\">\u7ee7\u7eed\u9605\u8bfb<span class=\"screen-reader-text\">\u201c<span style=\"font-size: 120%;\"><i>Balloon<\/i><\/span><br \/>\u6c14\u7403 \u0f51\u0f56\u0f74\u0f42\u0f66\u0f0b\u0f63\u0f92\u0f44\u0f0b<br \/>Pema Tseden<br \/>\u4e07\u739b\u624d\u65e6 \u0f54\u0f51\u0f0b\u0f58\u0f0b\u0f5a\u0f7a\u0f0b\u0f56\u0f62\u0f9f\u0f53\u0f0d\u201d<\/span><\/a><\/p>","protected":false},"featured_media":910,"comment_status":"open","ping_status":"closed","template":"","meta":[],"_links":{"self":[{"href":"https:\/\/www.allersretoursasso.fr\/zh\/wp-json\/wp\/v2\/product\/901"}],"collection":[{"href":"https:\/\/www.allersretoursasso.fr\/zh\/wp-json\/wp\/v2\/product"}],"about":[{"href":"https:\/\/www.allersretoursasso.fr\/zh\/wp-json\/wp\/v2\/types\/product"}],"replies":[{"embeddable":true,"href":"https:\/\/www.allersretoursasso.fr\/zh\/wp-json\/wp\/v2\/comments?post=901"}],"wp:featuredmedia":[{"embeddable":true,"href":"https:\/\/www.allersretoursasso.fr\/zh\/wp-json\/wp\/v2\/media\/910"}],"wp:attachment":[{"href":"https:\/\/www.allersretoursasso.fr\/zh\/wp-json\/wp\/v2\/media?parent=901"}],"curies":[{"name":"wp","href":"https:\/\/api.w.org\/{rel}","templated":true}]}}