{"id":962,"date":"2019-12-21T19:53:29","date_gmt":"2019-12-21T18:53:29","guid":{"rendered":"https:\/\/www.allersretoursasso.fr\/?post_type=product&#038;p=962"},"modified":"2019-12-23T22:01:22","modified_gmt":"2019-12-23T21:01:22","slug":"mosaic-portrait-zhai-yixiang","status":"publish","type":"product","link":"https:\/\/www.allersretoursasso.fr\/zh\/films\/mosaic-portrait-zhai-yixiang\/","title":{"rendered":"<span style=\"font-size: 120%;\"><i>Mosaic Portrait<\/i><\/span><br>\u9a6c\u8d5b\u514b\u5c11\u5973<br>ZHAI Yixiang<br>\u7fdf\u4e49\u7965"},"content":{"rendered":"<div id=\"fb-root\"><\/div>\n<p><em><span style=\"font-weight: 400;\">2019 \/ 108\u2019 \/ \u666e\u901a\u8bdd \/ \u539f\u58f0\u6cd5\u8bed\u5b57\u5e55 \/ \u5267\u60c5<\/span><\/em><\/p>\n<p><em><span style=\"font-weight: 400;\">\u83b7\u5f97\u9a6c\u62c9\u5580\u4ec0\u56fd\u9645\u7535\u5f71\u8282\u6700\u4f73\u5f71\u7247<\/span><\/em><\/p>\n<p><em><span style=\"font-weight: 400;\">\u83b7\u5f97\u7b2c13\u5c4aFIRST\u9752\u5e74\u7535\u5f71\u5c55\u6700\u4f73\u827a\u672f\u63a2\u7d22\u5956\u00a0<\/span><\/em><\/p>\n<p><em><span style=\"font-weight: 400;\">\u6cd5\u56fd\u9996\u6620<\/span><\/em><\/p>\n<p><iframe loading=\"lazy\" width=\"560\" height=\"315\" src=\"https:\/\/www.youtube.com\/embed\/ldCNlD1xBhk\" frameborder=\"0\" allow=\"accelerometer; autoplay; encrypted-media; gyroscope; picture-in-picture\" allowfullscreen><\/iframe><\/p>\n<p><span style=\"font-weight: 400;\">\u897f\u5357\u5c0f\u954714\u5c81\u5973\u5b69\u5f90\u8426\u56e0\u7a81\u53d1\u72b6\u51b5\u88ab\u5377\u5165\u65cb\u6da1\u4e2d\u5fc3\uff0c\u7236\u4eb2\u5f90\u5e7f\u519b\u8bd5\u56fe\u5bfb\u56de\u516c\u9053\u5374\u624b\u8db3\u65e0\u63aa\uff0c\u6765\u81ea\u5927\u57ce\u5e02\u8bb0\u8005\u8d3e\u4e16\u660e\u4ee5\u5916\u6765\u773c\u5149\u6253\u91cf\u8fd9\u7247\u8ff7\u96fe\u7b3c\u7f69\u4e4b\u5730\u3002<\/span><\/p>\n<blockquote><p><span style=\"font-weight: 400;\">\u300a\u9a6c\u8d5b\u514b\u5c11\u5973\u300b\u901a\u8fc7\u6e38\u79bb\u6c24\u6c32\u7684\u5f71\u50cf\u8bed\u8a00\u63cf\u7ed8\u4e86\u4e00\u4e2a\u795e\u79d8\u5c11\u5973\u7684\u8096\u50cf\u3002\u5f71\u7247\u53d6\u6750\u81ea\u771f\u5b9e\u4e8b\u4ef6\uff0c\u63a2\u8ba8\u5f53\u4ee3\u793e\u4f1a\u73af\u5883\u4e0b\u7684\u5973\u6027\u95ee\u9898\uff0c\u4ece\u591a\u65b9\u9762\u7684\u89c6\u89d2\u63ed\u793a\u4e00\u4f4d\u5e74\u8f7b\u5973\u6027\u7684\u5904\u5883\u3002<\/span><\/p><\/blockquote>\n<div class=\"agenda\">\u573a\u6b21\uff1a<br \/>\n<b>1\u670827\u65e512:30\uff0c\u5409\u7f8e\u535a\u7269\u9986<\/b><br \/>\n<b>2\u67082\u65e518:00\uff0cStudio des Ursulines\u7535\u5f71\u9662<\/b><\/div>","protected":false},"excerpt":{"rendered":"<p>2019 \/ 108\u2019 \/ Mandarin \/ VOSTF \/ Fiction Prix du meilleur film au Festival International du film de Marrakech Prix \u201cbest artistic originality\u201d au Festival international du film FIRST\u00a0 Premi\u00e8re Fran\u00e7aise La jeune Ying, \u00e2g\u00e9e de seulement 14 ans, est enceinte. Quand elle accuse l\u2019un de ses professeurs, elle met en branle tout un &hellip; <\/p>\n<p class=\"link-more\"><a href=\"https:\/\/www.allersretoursasso.fr\/zh\/films\/mosaic-portrait-zhai-yixiang\/\" class=\"more-link\">\u7ee7\u7eed\u9605\u8bfb<span class=\"screen-reader-text\">\u201c<span style=\"font-size: 120%;\"><i>Mosaic Portrait<\/i><\/span><br \/>\u9a6c\u8d5b\u514b\u5c11\u5973<br \/>ZHAI Yixiang<br \/>\u7fdf\u4e49\u7965\u201d<\/span><\/a><\/p>","protected":false},"featured_media":931,"comment_status":"open","ping_status":"closed","template":"","meta":[],"_links":{"self":[{"href":"https:\/\/www.allersretoursasso.fr\/zh\/wp-json\/wp\/v2\/product\/962"}],"collection":[{"href":"https:\/\/www.allersretoursasso.fr\/zh\/wp-json\/wp\/v2\/product"}],"about":[{"href":"https:\/\/www.allersretoursasso.fr\/zh\/wp-json\/wp\/v2\/types\/product"}],"replies":[{"embeddable":true,"href":"https:\/\/www.allersretoursasso.fr\/zh\/wp-json\/wp\/v2\/comments?post=962"}],"wp:featuredmedia":[{"embeddable":true,"href":"https:\/\/www.allersretoursasso.fr\/zh\/wp-json\/wp\/v2\/media\/931"}],"wp:attachment":[{"href":"https:\/\/www.allersretoursasso.fr\/zh\/wp-json\/wp\/v2\/media?parent=962"}],"curies":[{"name":"wp","href":"https:\/\/api.w.org\/{rel}","templated":true}]}}