{"id":963,"date":"2019-12-21T19:59:33","date_gmt":"2019-12-21T18:59:33","guid":{"rendered":"https:\/\/www.allersretoursasso.fr\/?post_type=product&#038;p=963"},"modified":"2024-11-28T11:16:07","modified_gmt":"2024-11-28T10:16:07","slug":"the-land-of-peach-blossoms-zhou-mingying","status":"publish","type":"product","link":"https:\/\/www.allersretoursasso.fr\/zh\/films\/the-land-of-peach-blossoms-zhou-mingying\/","title":{"rendered":"<span style=\"font-size: 120%;\"><i>\u300a\u4e16\u5916\u6843\u6e90\u300b<\/i><\/span><br>\u4e16\u5916\u6843\u6e90<br>\u5468\u94ed\u5f71\uff1a<br>\u5468\u94ed\u5f71"},"content":{"rendered":"<div id=\"fb-root\"><\/div>\n<p><em><span style=\"font-weight: 400;\">2019 \/ 99\u2019 \/ \u666e\u901a\u8bdd\u3001\u56db\u5ddd\u65b9\u8a00 \/ \u539f\u58f0\u6cd5\u8bed\u5b57\u5e55 \/ \u7eaa\u5f55\u7247<\/span><\/em><\/p>\n<p><em><span style=\"font-weight: 400;\">\u83b7\u5f97\u7b2c13\u5c4aFIRST\u9752\u5e74\u7535\u5f71\u5c55\u6700\u4f73\u7eaa\u5f55\u957f\u7247\u00a0<\/span><\/em><\/p>\n<p><em><span style=\"font-weight: 400;\">\u6cd5\u56fd\u9996\u6620<\/span><\/em><\/p>\n<p><iframe loading=\"lazy\" src=\"https:\/\/www.youtube.com\/embed\/xW6KjIE2Mpc\" width=\"560\" height=\"315\" frameborder=\"0\" allowfullscreen=\"allowfullscreen\"><\/iframe><\/p>\n<p><span style=\"font-weight: 400;\">\u00c0 Chongqi, dans le Sud-Ouest de la Chine, \u201cLa Source aux P\u00eachers\u201d est un restaurant unique. Les clients sont servis par des acteurs qui ex\u00e9cutent des spectacles de chant et d\u2019arts martiaux pendant leur repas, mais en coulisse une micro-soci\u00e9t\u00e9 collectiviste et autoritaire s\u2019est organis\u00e9e autour du charismatique fondateur.<\/span><\/p>\n<blockquote><p><span style=\"font-weight: 400;\">\u5468\u94ed\u5f71\u7684\u955c\u5934\u4ece\u8fd9\u4e00\u7fa4\u88ab\u5de8\u5927\u5e7b\u60f3\u5438\u5f15\u7684\u5458\u5de5\u7684\u65e5\u5e38\u751f\u6d3b\u4e2d\u5c55\u5f00\uff0c\u8bb0\u5f55\u4e86\u4e00\u4e2a\u4e4c\u6258\u90a6\u4e16\u754c\u7684\u6210\u957f\u548c\u574d\u584c\u3002<\/span><\/p><\/blockquote>\n<div class=\"agenda\">\u573a\u6b21\uff1a<br \/>\n<b>1\u670828\u65e520:30\uff0cStudio des Ursulines\u7535\u5f71\u9662<\/b><br \/>\n<b>2\u67081\u65e518:00\uff0cStudio des Ursulines\u7535\u5f71\u9662<\/b><\/div>","protected":false},"excerpt":{"rendered":"<p>2019 \/ 99\u2019 \/ Mandarin \/ VOSTF \/ Documentaire Prix du meilleur documentaire au Festival international du film FIRST\u00a0 Premi\u00e8re Fran\u00e7aise \u00c0 Chongqi, dans le Sud-Ouest de la Chine, \u201cLa Source aux P\u00eachers\u201d est un restaurant unique. Les clients sont servis par des acteurs qui ex\u00e9cutent des spectacles de chant et d\u2019arts martiaux pendant leur &hellip; <\/p>\n<p class=\"link-more\"><a href=\"https:\/\/www.allersretoursasso.fr\/zh\/films\/the-land-of-peach-blossoms-zhou-mingying\/\" class=\"more-link\">\u7ee7\u7eed\u9605\u8bfb<span class=\"screen-reader-text\">\u201c<span style=\"font-size: 120%;\"><i>\u300a\u4e16\u5916\u6843\u6e90\u300b<\/i><\/span><br \/>\u4e16\u5916\u6843\u6e90<br \/>\u5468\u94ed\u5f71\uff1a<br \/>\u5468\u94ed\u5f71\u201d<\/span><\/a><\/p>","protected":false},"featured_media":1013,"comment_status":"open","ping_status":"closed","template":"","meta":[],"_links":{"self":[{"href":"https:\/\/www.allersretoursasso.fr\/zh\/wp-json\/wp\/v2\/product\/963"}],"collection":[{"href":"https:\/\/www.allersretoursasso.fr\/zh\/wp-json\/wp\/v2\/product"}],"about":[{"href":"https:\/\/www.allersretoursasso.fr\/zh\/wp-json\/wp\/v2\/types\/product"}],"replies":[{"embeddable":true,"href":"https:\/\/www.allersretoursasso.fr\/zh\/wp-json\/wp\/v2\/comments?post=963"}],"wp:featuredmedia":[{"embeddable":true,"href":"https:\/\/www.allersretoursasso.fr\/zh\/wp-json\/wp\/v2\/media\/1013"}],"wp:attachment":[{"href":"https:\/\/www.allersretoursasso.fr\/zh\/wp-json\/wp\/v2\/media?parent=963"}],"curies":[{"name":"wp","href":"https:\/\/api.w.org\/{rel}","templated":true}]}}