{"id":980,"date":"2019-12-21T20:36:14","date_gmt":"2019-12-21T19:36:14","guid":{"rendered":"https:\/\/www.allersretoursasso.fr\/?post_type=product&#038;p=980"},"modified":"2019-12-23T22:02:42","modified_gmt":"2019-12-23T21:02:42","slug":"what-do-you-know-about-the-water-and-the-moon-luo-jian","status":"publish","type":"product","link":"https:\/\/www.allersretoursasso.fr\/zh\/films\/what-do-you-know-about-the-water-and-the-moon-luo-jian\/","title":{"rendered":"<span style=\"font-size: 120%;\"><i>What Do You Know About The Water And The Moon<\/i><\/span><br>\u6c34\u6bcd<br>LUO Jian<br>\u7f57\u67ec"},"content":{"rendered":"<div id=\"fb-root\"><\/div>\n<p><em><span style=\"font-weight: 400;\">2019 \/ 16\u2019 \/ \u666e\u901a\u8bdd \/ \u539f\u58f0\u6cd5\u8bed\u5b57\u5e55\/ \u5267\u60c5<\/span><\/em><\/p>\n<p><em><span style=\"font-weight: 400;\">\u5165\u56f4\u514b\u83b1\u8499\u8d39\u6717\u56fd\u9645\u77ed\u7247\u7535\u5f71\u8282<\/span><\/em><\/p>\n<p><iframe loading=\"lazy\" width=\"560\" height=\"315\" src=\"https:\/\/www.youtube.com\/embed\/QAE4Umg_lr8\" frameborder=\"0\" allow=\"accelerometer; autoplay; encrypted-media; gyroscope; picture-in-picture\" allowfullscreen><\/iframe><\/p>\n<p><span style=\"font-weight: 400;\">\u5973\u5b69\u5403\u836f\u5815\u80ce\uff0c\u7ed3\u679c\u751f\u4e0b\u4e86\u4e00\u53ea\u6c34\u6bcd\uff0c\u5973\u5b69\u60ca\u614c\u65e0\u63aa\u3002<\/span><\/p>\n<blockquote><p><span style=\"font-weight: 400;\">\u5bfc\u6f14\u4ee5\u5982\u68a6\u7684\u5f71\u50cf\u8bb2\u8ff0\u4e86\u5973\u5b69\u5815\u80ce\u7684\u56f0\u6270\u548c\u8bd5\u56fe\u91cd\u5efa\u751f\u6d3b\u7684\u8fc7\u7a0b\u3002<\/span><\/p><\/blockquote>\n<div class=\"agenda\">\u573a\u6b21\uff1a<br \/>\n<b>1\u670830\u65e519:00\uff0cStudio des ursulines\u7535\u5f71\u9662<\/b><br \/>\n<b>2\u67081\u65e520:10\uff0cStudio des Ursulines\u7535\u5f71\u9662<\/b><\/div>","protected":false},"excerpt":{"rendered":"<p>2019\/ 16\u2019 \/ Mandarin \/ VOSTF\/ Fiction S\u00e9lectionn\u00e9 au Festival International du court m\u00e9trage de Clermont-Ferrand En essayant d\u2019avorter, une femme donne naissance \u00e0 une petite m\u00e9duse. Elle se demande ce qu\u2019elle doit alors en faire. La r\u00e9alisatrice raconte \u00e0 la fa\u00e7on d\u2019un conte surr\u00e9aliste la difficult\u00e9 d\u2019un avortement et le processus de reconstruction. S\u00e9ance &hellip; <\/p>\n<p class=\"link-more\"><a href=\"https:\/\/www.allersretoursasso.fr\/zh\/films\/what-do-you-know-about-the-water-and-the-moon-luo-jian\/\" class=\"more-link\">\u7ee7\u7eed\u9605\u8bfb<span class=\"screen-reader-text\">\u201c<span style=\"font-size: 120%;\"><i>What Do You Know About The Water And The Moon<\/i><\/span><br \/>\u6c34\u6bcd<br \/>LUO Jian<br \/>\u7f57\u67ec\u201d<\/span><\/a><\/p>","protected":false},"featured_media":981,"comment_status":"open","ping_status":"closed","template":"","meta":[],"_links":{"self":[{"href":"https:\/\/www.allersretoursasso.fr\/zh\/wp-json\/wp\/v2\/product\/980"}],"collection":[{"href":"https:\/\/www.allersretoursasso.fr\/zh\/wp-json\/wp\/v2\/product"}],"about":[{"href":"https:\/\/www.allersretoursasso.fr\/zh\/wp-json\/wp\/v2\/types\/product"}],"replies":[{"embeddable":true,"href":"https:\/\/www.allersretoursasso.fr\/zh\/wp-json\/wp\/v2\/comments?post=980"}],"wp:featuredmedia":[{"embeddable":true,"href":"https:\/\/www.allersretoursasso.fr\/zh\/wp-json\/wp\/v2\/media\/981"}],"wp:attachment":[{"href":"https:\/\/www.allersretoursasso.fr\/zh\/wp-json\/wp\/v2\/media?parent=980"}],"curies":[{"name":"wp","href":"https:\/\/api.w.org\/{rel}","templated":true}]}}