{"id":988,"date":"2019-12-21T20:44:23","date_gmt":"2019-12-21T19:44:23","guid":{"rendered":"https:\/\/www.allersretoursasso.fr\/?post_type=product&#038;p=988"},"modified":"2019-12-23T22:03:33","modified_gmt":"2019-12-23T21:03:33","slug":"umbilical-danski-tang","status":"publish","type":"product","link":"https:\/\/www.allersretoursasso.fr\/zh\/films\/umbilical-danski-tang\/","title":{"rendered":"<span style=\"font-size: 120%;\"><i>Umbilical<\/i><\/span><br>\u8fde<br>Danski TANG<br>\u5510\u96c5"},"content":{"rendered":"<div id=\"fb-root\"><\/div>\n<p><em><span style=\"font-weight: 400;\">2019 \/ 7\u2019 \/ \u5e7f\u4e1c\u8bdd \/ \u539f\u58f0\u6cd5\u8bed\u5b57\u5e55 \/ \u52a8\u753b\u00a0<\/span><\/em><\/p>\n<p><em><span style=\"font-weight: 400;\">\u6d1b\u8fe6\u8bfa\u7535\u5f71\u8282\u201c\u77ed\u7247\u53ca\u4e2d\u7247\u7ade\u8d5b\u5355\u5143\u201d\u94f6\u8c79\u5956<\/span><\/em><\/p>\n<p><em><span style=\"font-weight: 400;\">\u6cd5\u56fd\u9996\u6620<\/span><\/em><\/p>\n<p><iframe loading=\"lazy\" width=\"560\" height=\"315\" src=\"https:\/\/www.youtube.com\/embed\/GpixJtMcPNc\" frameborder=\"0\" allow=\"accelerometer; autoplay; encrypted-media; gyroscope; picture-in-picture\" allowfullscreen><\/iframe><\/p>\n<p><span style=\"font-weight: 400;\">\u827a\u672f\u5bb6\u4e0e\u6bcd\u4eb2\u4e00\u540c\u56de\u5fc6\u8fc7\u53bb\uff0c\u90a3\u4e9b\u5979\u4eec\u6240\u7ecf\u5386\u8fc7\u7684\uff0c\u53d1\u751f\u5728\u5bb6\u4e2d\u4e0e\u6821\u56ed\u91cc\u7684\u75db\u82e6\u56de\u5fc6\uff0c\u901a\u8fc7\u68a6\u5e7b\u7684\u52a8\u753b\u5f71\u50cf\u88ab\u62fc\u8d34\u51fa\u6765\u3002<\/span><\/p>\n<blockquote><p><span style=\"font-weight: 400;\">\u4e00\u90e8\u5173\u4e8e\u6210\u957f\u4e4b\u75db\u548c\u8eab\u4e3a\u5973\u6027\u4e4b\u4e0d\u6613\u7684\u544a\u89e3\u4e4b\u4e66\u3002\u52a8\u753b\u65b0\u9896\u3001\u591a\u53d8\u7684\u8d85\u73b0\u5b9e\u98ce\u683c\u8ba9\u4eba\u8054\u60f3\u5230Ryan Larkin\u3002\u00a0<\/span><\/p><\/blockquote>\n<div class=\"agenda\">\u573a\u6b21\uff1a<br \/>\n<b>1\u670830\u65e519:00\uff0cStudio des ursulines\u7535\u5f71\u9662<\/b><br \/>\n<b>2\u67081\u65e520:10\uff0cStudio des Ursulines\u7535\u5f71\u9662<\/b><\/div>","protected":false},"excerpt":{"rendered":"<p>2019 \/ 7\u2019 \/ Cantonais \/ VOSTF \/ Animation\u00a0 L\u00e9opard d\u2019argent dans la s\u00e9lection \u201cPardi di domani\u201d du Festival International du Film de Locarno Premi\u00e8re Fran\u00e7aise L\u2019artiste et sa m\u00e8re \u00e9voquent leur pass\u00e9, les violences \u00e0 la maison et \u00e0 l\u2019\u00e9cole, illustr\u00e9es par des visions hallucin\u00e9es. Une confession sur la difficult\u00e9 de grandir et de &hellip; <\/p>\n<p class=\"link-more\"><a href=\"https:\/\/www.allersretoursasso.fr\/zh\/films\/umbilical-danski-tang\/\" class=\"more-link\">\u7ee7\u7eed\u9605\u8bfb<span class=\"screen-reader-text\">\u201c<span style=\"font-size: 120%;\"><i>Umbilical<\/i><\/span><br \/>\u8fde<br \/>Danski TANG<br \/>\u5510\u96c5\u201d<\/span><\/a><\/p>","protected":false},"featured_media":989,"comment_status":"open","ping_status":"closed","template":"","meta":[],"_links":{"self":[{"href":"https:\/\/www.allersretoursasso.fr\/zh\/wp-json\/wp\/v2\/product\/988"}],"collection":[{"href":"https:\/\/www.allersretoursasso.fr\/zh\/wp-json\/wp\/v2\/product"}],"about":[{"href":"https:\/\/www.allersretoursasso.fr\/zh\/wp-json\/wp\/v2\/types\/product"}],"replies":[{"embeddable":true,"href":"https:\/\/www.allersretoursasso.fr\/zh\/wp-json\/wp\/v2\/comments?post=988"}],"wp:featuredmedia":[{"embeddable":true,"href":"https:\/\/www.allersretoursasso.fr\/zh\/wp-json\/wp\/v2\/media\/989"}],"wp:attachment":[{"href":"https:\/\/www.allersretoursasso.fr\/zh\/wp-json\/wp\/v2\/media?parent=988"}],"curies":[{"name":"wp","href":"https:\/\/api.w.org\/{rel}","templated":true}]}}