{"id":996,"date":"2019-12-21T20:49:34","date_gmt":"2019-12-21T19:49:34","guid":{"rendered":"https:\/\/www.allersretoursasso.fr\/?post_type=product&#038;p=996"},"modified":"2019-12-23T16:27:23","modified_gmt":"2019-12-23T15:27:23","slug":"the-six-chen-xi-an-xu","status":"publish","type":"product","link":"https:\/\/www.allersretoursasso.fr\/zh\/films\/the-six-chen-xi-an-xu\/","title":{"rendered":"<span style=\"font-size: 120%;\"><i>The Six<\/i><\/span><br>\u767d\u9732<br>CHEN Xi , AN Xu<br>\u9648\u83b2\u534e\uff0c\u5b89\u65ed"},"content":{"rendered":"<div id=\"fb-root\"><\/div>\n<p><em><span style=\"font-weight: 400;\">2019 \/ 5\u2019 \/ \u65e0\u5bf9\u767d \/ \u52a8\u753b\u00a0\u00a0<\/span><\/em><\/p>\n<p><em><span style=\"font-weight: 400;\">\u5165\u56f4\u5b89\u7eb3\u897f\u56fd\u9645\u52a8\u753b\u7535\u5f71\u8282<\/span><\/em><\/p>\n<p><span style=\"font-weight: 400;\">\u4e00\u4e2a\u7537\u4eba\uff0c\u4e00\u4e2a\u5973\u4eba\u548c\u4e00\u53ea\u4ed9\u9e64\uff0c\u8fd8\u6709\u516d\u4e2a\u91cd\u590d\u7684\u573a\u666f\u3002<\/span><\/p>\n<blockquote><p><span style=\"font-weight: 400;\">\u5f62\u5f0f\u4e0a\u5f15\u4eba\u5165\u80dc\uff0c\u7cbe\u81f4\u7684\u7ed8\u753b\u4ee4\u4eba\u8054\u60f3\u5230\u4e2d\u56fd\u5c4f\u98ce\u4e0a\u90a3\u4e9b\u4ee3\u8868\u6b32\u671b\u4e0e\u7231\u7684\u88c5\u9970\u56fe\u6848\u3002\u00a0<\/span><\/p><\/blockquote>\n<div class=\"agenda\">\u573a\u6b21\uff1a<br \/>\n<b>1\u670830\u65e519:00\uff0cStudio des ursulines\u7535\u5f71\u9662<\/b><br \/>\n<b>2\u67081\u65e520:10\uff0cStudio des Ursulines\u7535\u5f71\u9662<\/b><\/div>","protected":false},"excerpt":{"rendered":"<p>2019 \/ 5\u2019 \/ Muet \/ Animation\u00a0 S\u00e9lectionn\u00e9 au Festival international du film d&#8217;animation d&#8217;Annecy Un homme, une femme et une grue, six r\u00e9p\u00e9titions avec d\u2019infimes variations. Intrigants sur le plan formel, des dessins d\u00e9licats qui \u00e9voquent un paravent chinois semblent repr\u00e9senter le cycle du d\u00e9sir et de l&#8217;amour.\u00a0 S\u00e9ance le : 30 janvier \u00e0 &hellip; <\/p>\n<p class=\"link-more\"><a href=\"https:\/\/www.allersretoursasso.fr\/zh\/films\/the-six-chen-xi-an-xu\/\" class=\"more-link\">\u7ee7\u7eed\u9605\u8bfb<span class=\"screen-reader-text\">\u201c<span style=\"font-size: 120%;\"><i>The Six<\/i><\/span><br \/>\u767d\u9732<br \/>CHEN Xi , AN Xu<br \/>\u9648\u83b2\u534e\uff0c\u5b89\u65ed\u201d<\/span><\/a><\/p>","protected":false},"featured_media":997,"comment_status":"open","ping_status":"closed","template":"","meta":[],"_links":{"self":[{"href":"https:\/\/www.allersretoursasso.fr\/zh\/wp-json\/wp\/v2\/product\/996"}],"collection":[{"href":"https:\/\/www.allersretoursasso.fr\/zh\/wp-json\/wp\/v2\/product"}],"about":[{"href":"https:\/\/www.allersretoursasso.fr\/zh\/wp-json\/wp\/v2\/types\/product"}],"replies":[{"embeddable":true,"href":"https:\/\/www.allersretoursasso.fr\/zh\/wp-json\/wp\/v2\/comments?post=996"}],"wp:featuredmedia":[{"embeddable":true,"href":"https:\/\/www.allersretoursasso.fr\/zh\/wp-json\/wp\/v2\/media\/997"}],"wp:attachment":[{"href":"https:\/\/www.allersretoursasso.fr\/zh\/wp-json\/wp\/v2\/media?parent=996"}],"curies":[{"name":"wp","href":"https:\/\/api.w.org\/{rel}","templated":true}]}}