{"id":999,"date":"2019-12-21T20:52:42","date_gmt":"2019-12-21T19:52:42","guid":{"rendered":"https:\/\/www.allersretoursasso.fr\/?post_type=product&#038;p=999"},"modified":"2019-12-23T22:04:13","modified_gmt":"2019-12-23T21:04:13","slug":"bridge-liu-di","status":"publish","type":"product","link":"https:\/\/www.allersretoursasso.fr\/zh\/films\/bridge-liu-di\/","title":{"rendered":"<span style=\"font-size: 120%;\"><i>Bridge<\/i><\/span><br>\u98ce\u96e8\u5eca\u6865<br>LIU Di<br>\u67f3\u8fea"},"content":{"rendered":"<div id=\"fb-root\"><\/div>\n<p><em><span style=\"font-weight: 400;\">2018 \/ 22\u2019 \/ \u65e0\u5bf9\u767d \/ \u52a8\u753b<\/span><\/em><\/p>\n<p><em><span style=\"font-weight: 400;\">\u5165\u56f4\u5b89\u7eb3\u897f\u56fd\u9645\u52a8\u753b\u7535\u5f71\u8282<\/span><\/em><\/p>\n<p><iframe loading=\"lazy\" width=\"560\" height=\"315\" src=\"https:\/\/www.youtube.com\/embed\/rA5plHzBk20\" frameborder=\"0\" allow=\"accelerometer; autoplay; encrypted-media; gyroscope; picture-in-picture\" allowfullscreen><\/iframe><\/p>\n<p><span style=\"font-weight: 400;\">\u5510\u672b\u4e71\u4e16\uff0c \u4ee5\u4eba\u8089\u4e3a\u98df\u7684\u73b0\u8c61\u968f\u5904\u53ef\u89c1\u3002 \u66fe\u7ecf\u4ed7\u5251\u5929\u6daf\u7684\u4fa0\u5ba2\u53d8\u6210\u4e86\u5982\u4eca\u5c31\u75c5\u7f20\u8eab\u7684\u8001\u8005\uff0c\u4e3a\u4e86\u679c\u8179\u800c\u5c0f\u5fc3\u7684\u751f\u5b58\u7740\u3002\u76f4\u5230\u9047\u89c1\u4e00\u4e2a\u5c0f\u5973\u5b69\uff0c\u8001\u8005\u6c89\u7761\u7684\u6597\u5fd7\u4e0e\u4eba\u6027\u7684\u5149\u8f89\u88ab\u5524\u9192\u3002\u6740\u5f3a\u76d7\u3001\u65a9\u519b\u5b98\uff0c\u9664\u66b4\u5b89\u826f\u2026\u2026<\/span><\/p>\n<blockquote><p><span style=\"font-weight: 400;\">\u8fd9\u90e8\u5b9a\u683c\u52a8\u753b\u7ee7\u627f\u4e86\u4e2d\u56fd\u6b66\u4fa0\u7247\u548c\u65e5\u672c\u6b66\u58eb\u7247\u7684\u98ce\u683c\uff0c\u5c24\u5176\u53d7\u5230\u9ed1\u6cfd\u660e\u7535\u5f71\u7684\u5f71\u54cd\uff0c\u60c5\u611f\u968f\u7740\u7d27\u5f20\u7684\u60c5\u8282\u6709\u8282\u5236\u5730\u8ff8\u53d1\u3002 <\/span><i><span style=\"font-weight: 400;\">wuxia pian<\/span><\/i><span style=\"font-weight: 400;\"> et du film de sabre japonais, celui d\u2019Akira Kurosawa en particulier. L\u2019\u00e9motion se construit progressivement sur une intrigue toute en sobri\u00e9t\u00e9.<\/span><\/p><\/blockquote>\n<div class=\"agenda\">\u573a\u6b21\uff1a<br \/>\n<b>1\u670830\u65e519:00\uff0cStudio des ursulines\u7535\u5f71\u9662<\/b><br \/>\n<b>2\u67081\u65e520:10\uff0cStudio des Ursulines\u7535\u5f71\u9662<\/b><\/div>","protected":false},"excerpt":{"rendered":"<p>2018\/ 22\u2019 \/ Muet \/ Animation S\u00e9lectionn\u00e9 au Festival international du film d&#8217;animation d&#8217;Annecy Chine, dynastie Tang. Un ancien bretteur devenu un vieil homme faible ne trouve plus de sens \u00e0 sa vie, jusqu&#8217;\u00e0 ce que son chemin croise celui d\u2019une jeune fille. R\u00e9alis\u00e9 en stop motion, Bridge trahit l\u2019influence du wuxia pian et du &hellip; <\/p>\n<p class=\"link-more\"><a href=\"https:\/\/www.allersretoursasso.fr\/zh\/films\/bridge-liu-di\/\" class=\"more-link\">\u7ee7\u7eed\u9605\u8bfb<span class=\"screen-reader-text\">\u201c<span style=\"font-size: 120%;\"><i>Bridge<\/i><\/span><br \/>\u98ce\u96e8\u5eca\u6865<br \/>LIU Di<br \/>\u67f3\u8fea\u201d<\/span><\/a><\/p>","protected":false},"featured_media":1000,"comment_status":"open","ping_status":"closed","template":"","meta":[],"_links":{"self":[{"href":"https:\/\/www.allersretoursasso.fr\/zh\/wp-json\/wp\/v2\/product\/999"}],"collection":[{"href":"https:\/\/www.allersretoursasso.fr\/zh\/wp-json\/wp\/v2\/product"}],"about":[{"href":"https:\/\/www.allersretoursasso.fr\/zh\/wp-json\/wp\/v2\/types\/product"}],"replies":[{"embeddable":true,"href":"https:\/\/www.allersretoursasso.fr\/zh\/wp-json\/wp\/v2\/comments?post=999"}],"wp:featuredmedia":[{"embeddable":true,"href":"https:\/\/www.allersretoursasso.fr\/zh\/wp-json\/wp\/v2\/media\/1000"}],"wp:attachment":[{"href":"https:\/\/www.allersretoursasso.fr\/zh\/wp-json\/wp\/v2\/media?parent=999"}],"curies":[{"name":"wp","href":"https:\/\/api.w.org\/{rel}","templated":true}]}}